{"id":11171,"date":"2025-12-31T12:55:39","date_gmt":"2025-12-31T12:55:39","guid":{"rendered":"https:\/\/www.lacavedeslecteurs.com\/index.php\/product\/marquis-de-calon-en-caisse-bois\/"},"modified":"2026-02-13T15:07:23","modified_gmt":"2026-02-13T15:07:23","slug":"marquis-de-calon-en-caisse-bois","status":"publish","type":"product","link":"https:\/\/www.lacavedeslecteurs.com\/index.php\/product\/marquis-de-calon-en-caisse-bois\/","title":{"rendered":"Marquis de Calon en caisse-bois - 2017"},"content":{"rendered":"<p>Un nez compos\u00e9 de fruits pur et pr\u00e9cis dans un style gourmand. Bouche  pr\u00e9cise et souple avec du fruit noir et une complexit\u00e9 crayeuse. Un super second vin produit sur un terroir exceptionnel<\/p>\n","protected":false},"excerpt":{"rendered":"<p>Un nez compos\u00e9 de fruits pur et pr\u00e9cis dans un style gourmand. Bouche pr\u00e9cise et souple avec du fruit noir et une complexit\u00e9 crayeuse. Un super second vin produit sur un terroir exceptionnel<\/p>\n","protected":false},"featured_media":16638,"comment_status":"open","ping_status":"closed","template":"","meta":[],"product_brand":[],"product_cat":[20,365,138,27],"product_tag":[],"class_list":{"0":"post-11171","1":"product","2":"type-product","3":"status-publish","4":"has-post-thumbnail","6":"product_cat-bordeaux","7":"product_cat-categorie","8":"product_cat-couleurs","9":"product_cat-rouge","11":"first","12":"instock","13":"sale","14":"taxable","15":"shipping-taxable","16":"purchasable","17":"product-type-simple"},"_links":{"self":[{"href":"https:\/\/www.lacavedeslecteurs.com\/index.php\/wp-json\/wp\/v2\/product\/11171","targetHints":{"allow":["GET"]}}],"collection":[{"href":"https:\/\/www.lacavedeslecteurs.com\/index.php\/wp-json\/wp\/v2\/product"}],"about":[{"href":"https:\/\/www.lacavedeslecteurs.com\/index.php\/wp-json\/wp\/v2\/types\/product"}],"replies":[{"embeddable":true,"href":"https:\/\/www.lacavedeslecteurs.com\/index.php\/wp-json\/wp\/v2\/comments?post=11171"}],"wp:featuredmedia":[{"embeddable":true,"href":"https:\/\/www.lacavedeslecteurs.com\/index.php\/wp-json\/wp\/v2\/media\/16638"}],"wp:attachment":[{"href":"https:\/\/www.lacavedeslecteurs.com\/index.php\/wp-json\/wp\/v2\/media?parent=11171"}],"wp:term":[{"taxonomy":"product_brand","embeddable":true,"href":"https:\/\/www.lacavedeslecteurs.com\/index.php\/wp-json\/wp\/v2\/product_brand?post=11171"},{"taxonomy":"product_cat","embeddable":true,"href":"https:\/\/www.lacavedeslecteurs.com\/index.php\/wp-json\/wp\/v2\/product_cat?post=11171"},{"taxonomy":"product_tag","embeddable":true,"href":"https:\/\/www.lacavedeslecteurs.com\/index.php\/wp-json\/wp\/v2\/product_tag?post=11171"}],"curies":[{"name":"wp","href":"https:\/\/api.w.org\/{rel}","templated":true}]}}