{"id":11175,"date":"2025-12-31T12:55:42","date_gmt":"2025-12-31T12:55:42","guid":{"rendered":"https:\/\/www.lacavedeslecteurs.com\/index.php\/product\/mouton-cadet\/"},"modified":"2026-02-13T15:07:27","modified_gmt":"2026-02-13T15:07:27","slug":"mouton-cadet","status":"publish","type":"product","link":"https:\/\/www.lacavedeslecteurs.com\/index.php\/product\/mouton-cadet\/","title":{"rendered":"Mouton Cadet - 2021"},"content":{"rendered":"<p>L\u2019attaque, fra\u00eeche et gourmande, exprime le bouquet de fruits rouges qu\u2019on devinait au premier nez. Sur le milieu de bouche, ample et volumineux, de belles notes d\u2019agrumes viennent rafra\u00eechir encore le palais et se fondre, sur une fin de bouche dense et min\u00e9rale, avec de d\u00e9licates notes de fruits exotiques (litchi, goyave).<\/p>\n","protected":false},"excerpt":{"rendered":"<p>L\u2019attaque, fra\u00eeche et gourmande, exprime le bouquet de fruits rouges qu\u2019on devinait au premier nez. Sur le milieu de bouche, ample et volumineux, de belles notes d\u2019agrumes viennent rafra\u00eechir encore le palais et se fondre, sur une fin de bouche dense et min\u00e9rale, avec de d\u00e9licates notes de fruits exotiques (litchi, goyave).<\/p>\n","protected":false},"featured_media":16640,"comment_status":"open","ping_status":"closed","template":"","meta":[],"product_brand":[],"product_cat":[20,365,138,55],"product_tag":[],"class_list":{"0":"post-11175","1":"product","2":"type-product","3":"status-publish","4":"has-post-thumbnail","6":"product_cat-bordeaux","7":"product_cat-categorie","8":"product_cat-couleurs","9":"product_cat-rose","11":"first","12":"instock","13":"sale","14":"taxable","15":"shipping-taxable","16":"purchasable","17":"product-type-simple"},"_links":{"self":[{"href":"https:\/\/www.lacavedeslecteurs.com\/index.php\/wp-json\/wp\/v2\/product\/11175","targetHints":{"allow":["GET"]}}],"collection":[{"href":"https:\/\/www.lacavedeslecteurs.com\/index.php\/wp-json\/wp\/v2\/product"}],"about":[{"href":"https:\/\/www.lacavedeslecteurs.com\/index.php\/wp-json\/wp\/v2\/types\/product"}],"replies":[{"embeddable":true,"href":"https:\/\/www.lacavedeslecteurs.com\/index.php\/wp-json\/wp\/v2\/comments?post=11175"}],"wp:featuredmedia":[{"embeddable":true,"href":"https:\/\/www.lacavedeslecteurs.com\/index.php\/wp-json\/wp\/v2\/media\/16640"}],"wp:attachment":[{"href":"https:\/\/www.lacavedeslecteurs.com\/index.php\/wp-json\/wp\/v2\/media?parent=11175"}],"wp:term":[{"taxonomy":"product_brand","embeddable":true,"href":"https:\/\/www.lacavedeslecteurs.com\/index.php\/wp-json\/wp\/v2\/product_brand?post=11175"},{"taxonomy":"product_cat","embeddable":true,"href":"https:\/\/www.lacavedeslecteurs.com\/index.php\/wp-json\/wp\/v2\/product_cat?post=11175"},{"taxonomy":"product_tag","embeddable":true,"href":"https:\/\/www.lacavedeslecteurs.com\/index.php\/wp-json\/wp\/v2\/product_tag?post=11175"}],"curies":[{"name":"wp","href":"https:\/\/api.w.org\/{rel}","templated":true}]}}