{"id":11183,"date":"2025-12-31T12:55:50","date_gmt":"2025-12-31T12:55:50","guid":{"rendered":"https:\/\/www.lacavedeslecteurs.com\/index.php\/product\/chateau-pavie-macquin\/"},"modified":"2026-02-13T15:07:37","modified_gmt":"2026-02-13T15:07:37","slug":"chateau-pavie-macquin","status":"publish","type":"product","link":"https:\/\/www.lacavedeslecteurs.com\/index.php\/product\/chateau-pavie-macquin\/","title":{"rendered":"Ch\u00e2teau Pavie-Macquin - 2016"},"content":{"rendered":"<p>Situ\u00e9 sur le \u00ab mythique \u00bb plateau de Pavie, ce cru se distingue toujours de son voisin, Ch\u00e2teau Pavie, par un style moins puissant mais plus \u00e9l\u00e9gant et tout aussi \u00ab craquant \u00bb. Le vin est solide, au fruit\u00e9 juteux, au bouquet complexe. Quel grand vin \u00e0 prix encore raisonnable.<\/p>\n","protected":false},"excerpt":{"rendered":"<p>Situ\u00e9 sur le \u00ab mythique \u00bb plateau de Pavie, ce cru se distingue toujours de son voisin, Ch\u00e2teau Pavie, par un style moins puissant mais plus \u00e9l\u00e9gant et tout aussi \u00ab craquant \u00bb. Le vin est solide, au fruit\u00e9 juteux, au bouquet complexe. Quel grand vin \u00e0 prix encore raisonnable.<\/p>\n","protected":false},"featured_media":16644,"comment_status":"open","ping_status":"closed","template":"","meta":[],"product_brand":[],"product_cat":[20,365,138,27],"product_tag":[],"class_list":{"0":"post-11183","1":"product","2":"type-product","3":"status-publish","4":"has-post-thumbnail","6":"product_cat-bordeaux","7":"product_cat-categorie","8":"product_cat-couleurs","9":"product_cat-rouge","11":"first","12":"instock","13":"sale","14":"taxable","15":"shipping-taxable","16":"purchasable","17":"product-type-simple"},"_links":{"self":[{"href":"https:\/\/www.lacavedeslecteurs.com\/index.php\/wp-json\/wp\/v2\/product\/11183","targetHints":{"allow":["GET"]}}],"collection":[{"href":"https:\/\/www.lacavedeslecteurs.com\/index.php\/wp-json\/wp\/v2\/product"}],"about":[{"href":"https:\/\/www.lacavedeslecteurs.com\/index.php\/wp-json\/wp\/v2\/types\/product"}],"replies":[{"embeddable":true,"href":"https:\/\/www.lacavedeslecteurs.com\/index.php\/wp-json\/wp\/v2\/comments?post=11183"}],"wp:featuredmedia":[{"embeddable":true,"href":"https:\/\/www.lacavedeslecteurs.com\/index.php\/wp-json\/wp\/v2\/media\/16644"}],"wp:attachment":[{"href":"https:\/\/www.lacavedeslecteurs.com\/index.php\/wp-json\/wp\/v2\/media?parent=11183"}],"wp:term":[{"taxonomy":"product_brand","embeddable":true,"href":"https:\/\/www.lacavedeslecteurs.com\/index.php\/wp-json\/wp\/v2\/product_brand?post=11183"},{"taxonomy":"product_cat","embeddable":true,"href":"https:\/\/www.lacavedeslecteurs.com\/index.php\/wp-json\/wp\/v2\/product_cat?post=11183"},{"taxonomy":"product_tag","embeddable":true,"href":"https:\/\/www.lacavedeslecteurs.com\/index.php\/wp-json\/wp\/v2\/product_tag?post=11183"}],"curies":[{"name":"wp","href":"https:\/\/api.w.org\/{rel}","templated":true}]}}