{"id":11187,"date":"2025-12-31T12:55:52","date_gmt":"2025-12-31T12:55:52","guid":{"rendered":"https:\/\/www.lacavedeslecteurs.com\/index.php\/product\/chateau-pedesclaux-en-caisse-bois\/"},"modified":"2026-02-13T15:07:44","modified_gmt":"2026-02-13T15:07:44","slug":"chateau-pedesclaux-en-caisse-bois","status":"publish","type":"product","link":"https:\/\/www.lacavedeslecteurs.com\/index.php\/product\/chateau-pedesclaux-en-caisse-bois\/","title":{"rendered":"Ch\u00e2teau P\u00e9desclaux en caisse-bois - 2018"},"content":{"rendered":"<p>Le potentiel d&rsquo;un Grand Cru enfin r\u00e9v\u00e9l\u00e9 par la famille Lorenzetti. \u00c0 a\u00e9rer absolument pour comprendre et appr\u00e9cier toute sa complexit\u00e9, sa profondeur et sa puissance.<\/p>\n","protected":false},"excerpt":{"rendered":"<p>Le potentiel d&rsquo;un Grand Cru enfin r\u00e9v\u00e9l\u00e9 par la famille Lorenzetti. \u00c0 a\u00e9rer absolument pour comprendre et appr\u00e9cier toute sa complexit\u00e9, sa profondeur et sa puissance.<\/p>\n","protected":false},"featured_media":16646,"comment_status":"open","ping_status":"closed","template":"","meta":[],"product_brand":[],"product_cat":[20,365,138,27],"product_tag":[],"class_list":{"0":"post-11187","1":"product","2":"type-product","3":"status-publish","4":"has-post-thumbnail","6":"product_cat-bordeaux","7":"product_cat-categorie","8":"product_cat-couleurs","9":"product_cat-rouge","11":"first","12":"instock","13":"sale","14":"taxable","15":"shipping-taxable","16":"purchasable","17":"product-type-simple"},"_links":{"self":[{"href":"https:\/\/www.lacavedeslecteurs.com\/index.php\/wp-json\/wp\/v2\/product\/11187","targetHints":{"allow":["GET"]}}],"collection":[{"href":"https:\/\/www.lacavedeslecteurs.com\/index.php\/wp-json\/wp\/v2\/product"}],"about":[{"href":"https:\/\/www.lacavedeslecteurs.com\/index.php\/wp-json\/wp\/v2\/types\/product"}],"replies":[{"embeddable":true,"href":"https:\/\/www.lacavedeslecteurs.com\/index.php\/wp-json\/wp\/v2\/comments?post=11187"}],"wp:featuredmedia":[{"embeddable":true,"href":"https:\/\/www.lacavedeslecteurs.com\/index.php\/wp-json\/wp\/v2\/media\/16646"}],"wp:attachment":[{"href":"https:\/\/www.lacavedeslecteurs.com\/index.php\/wp-json\/wp\/v2\/media?parent=11187"}],"wp:term":[{"taxonomy":"product_brand","embeddable":true,"href":"https:\/\/www.lacavedeslecteurs.com\/index.php\/wp-json\/wp\/v2\/product_brand?post=11187"},{"taxonomy":"product_cat","embeddable":true,"href":"https:\/\/www.lacavedeslecteurs.com\/index.php\/wp-json\/wp\/v2\/product_cat?post=11187"},{"taxonomy":"product_tag","embeddable":true,"href":"https:\/\/www.lacavedeslecteurs.com\/index.php\/wp-json\/wp\/v2\/product_tag?post=11187"}],"curies":[{"name":"wp","href":"https:\/\/api.w.org\/{rel}","templated":true}]}}