{"id":11207,"date":"2025-12-31T12:56:06","date_gmt":"2025-12-31T12:56:06","guid":{"rendered":"https:\/\/www.lacavedeslecteurs.com\/index.php\/product\/la-reserve-de-malartic\/"},"modified":"2026-02-13T15:08:05","modified_gmt":"2026-02-13T15:08:05","slug":"la-reserve-de-malartic","status":"publish","type":"product","link":"https:\/\/www.lacavedeslecteurs.com\/index.php\/product\/la-reserve-de-malartic\/","title":{"rendered":"La R\u00e9serve de Malartic - 2016"},"content":{"rendered":"<p>Superbement situ\u00e9 sur une croupe de graves de L\u00e9ognan, au sud de Bordeaux, le Ch\u00e2teau veille sur un vignoble d\u2019exception \u00e9tendu sur 53 hectares de vignes et y produit des vins superbes, expressifs et intens\u00e9ment marqu\u00e9s du fruit tandis que la bouche offre une grande gourmandise, de la mati\u00e8re et une structure raffin\u00e9e.<\/p>\n","protected":false},"excerpt":{"rendered":"<p>Superbement situ\u00e9 sur une croupe de graves de L\u00e9ognan, au sud de Bordeaux, le Ch\u00e2teau veille sur un vignoble d\u2019exception \u00e9tendu sur 53 hectares de vignes et y produit des vins superbes, expressifs et intens\u00e9ment marqu\u00e9s du fruit tandis que la bouche offre une grande gourmandise, de la mati\u00e8re et une structure raffin\u00e9e.<\/p>\n","protected":false},"featured_media":16656,"comment_status":"open","ping_status":"closed","template":"","meta":[],"product_brand":[],"product_cat":[20,365,138,27],"product_tag":[],"class_list":{"0":"post-11207","1":"product","2":"type-product","3":"status-publish","4":"has-post-thumbnail","6":"product_cat-bordeaux","7":"product_cat-categorie","8":"product_cat-couleurs","9":"product_cat-rouge","11":"first","12":"instock","13":"sale","14":"taxable","15":"shipping-taxable","16":"purchasable","17":"product-type-simple"},"_links":{"self":[{"href":"https:\/\/www.lacavedeslecteurs.com\/index.php\/wp-json\/wp\/v2\/product\/11207","targetHints":{"allow":["GET"]}}],"collection":[{"href":"https:\/\/www.lacavedeslecteurs.com\/index.php\/wp-json\/wp\/v2\/product"}],"about":[{"href":"https:\/\/www.lacavedeslecteurs.com\/index.php\/wp-json\/wp\/v2\/types\/product"}],"replies":[{"embeddable":true,"href":"https:\/\/www.lacavedeslecteurs.com\/index.php\/wp-json\/wp\/v2\/comments?post=11207"}],"wp:featuredmedia":[{"embeddable":true,"href":"https:\/\/www.lacavedeslecteurs.com\/index.php\/wp-json\/wp\/v2\/media\/16656"}],"wp:attachment":[{"href":"https:\/\/www.lacavedeslecteurs.com\/index.php\/wp-json\/wp\/v2\/media?parent=11207"}],"wp:term":[{"taxonomy":"product_brand","embeddable":true,"href":"https:\/\/www.lacavedeslecteurs.com\/index.php\/wp-json\/wp\/v2\/product_brand?post=11207"},{"taxonomy":"product_cat","embeddable":true,"href":"https:\/\/www.lacavedeslecteurs.com\/index.php\/wp-json\/wp\/v2\/product_cat?post=11207"},{"taxonomy":"product_tag","embeddable":true,"href":"https:\/\/www.lacavedeslecteurs.com\/index.php\/wp-json\/wp\/v2\/product_tag?post=11207"}],"curies":[{"name":"wp","href":"https:\/\/api.w.org\/{rel}","templated":true}]}}