{"id":11215,"date":"2025-12-31T12:56:11","date_gmt":"2025-12-31T12:56:11","guid":{"rendered":"https:\/\/www.lacavedeslecteurs.com\/index.php\/product\/s-de-siran\/"},"modified":"2026-02-13T15:08:12","modified_gmt":"2026-02-13T15:08:12","slug":"s-de-siran","status":"publish","type":"product","link":"https:\/\/www.lacavedeslecteurs.com\/index.php\/product\/s-de-siran\/","title":{"rendered":"S de Siran - 2016"},"content":{"rendered":"<p>S comme souplesse. Gr\u00e2ce aux jeunes vignes du plateau de Graves, vinifi\u00e9es comme le grand vin du ch\u00e2teau. Le charme d\u2019un assemblage \u00e0 majorit\u00e9 merlot pour un vin s\u00e9duisant, gourmand dans sa jeunesse, avec le style des vins de Margaux.<\/p>\n","protected":false},"excerpt":{"rendered":"<p>S comme souplesse. Gr\u00e2ce aux jeunes vignes du plateau de Graves, vinifi\u00e9es comme le grand vin du ch\u00e2teau. Le charme d\u2019un assemblage \u00e0 majorit\u00e9 merlot pour un vin s\u00e9duisant, gourmand dans sa jeunesse, avec le style des vins de Margaux.<\/p>\n","protected":false},"featured_media":16660,"comment_status":"open","ping_status":"closed","template":"","meta":[],"product_brand":[],"product_cat":[20,365,138,27],"product_tag":[],"class_list":{"0":"post-11215","1":"product","2":"type-product","3":"status-publish","4":"has-post-thumbnail","6":"product_cat-bordeaux","7":"product_cat-categorie","8":"product_cat-couleurs","9":"product_cat-rouge","11":"first","12":"instock","13":"sale","14":"taxable","15":"shipping-taxable","16":"purchasable","17":"product-type-simple"},"_links":{"self":[{"href":"https:\/\/www.lacavedeslecteurs.com\/index.php\/wp-json\/wp\/v2\/product\/11215","targetHints":{"allow":["GET"]}}],"collection":[{"href":"https:\/\/www.lacavedeslecteurs.com\/index.php\/wp-json\/wp\/v2\/product"}],"about":[{"href":"https:\/\/www.lacavedeslecteurs.com\/index.php\/wp-json\/wp\/v2\/types\/product"}],"replies":[{"embeddable":true,"href":"https:\/\/www.lacavedeslecteurs.com\/index.php\/wp-json\/wp\/v2\/comments?post=11215"}],"wp:featuredmedia":[{"embeddable":true,"href":"https:\/\/www.lacavedeslecteurs.com\/index.php\/wp-json\/wp\/v2\/media\/16660"}],"wp:attachment":[{"href":"https:\/\/www.lacavedeslecteurs.com\/index.php\/wp-json\/wp\/v2\/media?parent=11215"}],"wp:term":[{"taxonomy":"product_brand","embeddable":true,"href":"https:\/\/www.lacavedeslecteurs.com\/index.php\/wp-json\/wp\/v2\/product_brand?post=11215"},{"taxonomy":"product_cat","embeddable":true,"href":"https:\/\/www.lacavedeslecteurs.com\/index.php\/wp-json\/wp\/v2\/product_cat?post=11215"},{"taxonomy":"product_tag","embeddable":true,"href":"https:\/\/www.lacavedeslecteurs.com\/index.php\/wp-json\/wp\/v2\/product_tag?post=11215"}],"curies":[{"name":"wp","href":"https:\/\/api.w.org\/{rel}","templated":true}]}}