{"id":11224,"date":"2025-12-31T12:56:19","date_gmt":"2025-12-31T12:56:19","guid":{"rendered":"https:\/\/www.lacavedeslecteurs.com\/index.php\/product\/chateau-sociando-mallet\/"},"modified":"2026-02-13T15:08:20","modified_gmt":"2026-02-13T15:08:20","slug":"chateau-sociando-mallet","status":"publish","type":"product","link":"https:\/\/www.lacavedeslecteurs.com\/index.php\/product\/chateau-sociando-mallet\/","title":{"rendered":"Ch\u00e2teau Sociando-Mallet - 2018"},"content":{"rendered":"<p>Domaine adoub\u00e9 de longue date pour les amateurs de Bordeaux. Port\u00e9 par Jean Gauteau, personnage haut en couleurs. Un travail acharn\u00e9 sur ce terroir de graves g\u00fcntziennes et des m\u00e9thodes de vinification modernes. Une valeur s\u00fbre du vignoble.<\/p>\n","protected":false},"excerpt":{"rendered":"<p>Domaine adoub\u00e9 de longue date pour les amateurs de Bordeaux. Port\u00e9 par Jean Gauteau, personnage haut en couleurs. Un travail acharn\u00e9 sur ce terroir de graves g\u00fcntziennes et des m\u00e9thodes de vinification modernes. Une valeur s\u00fbre du vignoble.<\/p>\n","protected":false},"featured_media":16664,"comment_status":"open","ping_status":"closed","template":"","meta":[],"product_brand":[],"product_cat":[20,365,138,27],"product_tag":[],"class_list":{"0":"post-11224","1":"product","2":"type-product","3":"status-publish","4":"has-post-thumbnail","6":"product_cat-bordeaux","7":"product_cat-categorie","8":"product_cat-couleurs","9":"product_cat-rouge","11":"first","12":"instock","13":"sale","14":"taxable","15":"shipping-taxable","16":"purchasable","17":"product-type-simple"},"_links":{"self":[{"href":"https:\/\/www.lacavedeslecteurs.com\/index.php\/wp-json\/wp\/v2\/product\/11224","targetHints":{"allow":["GET"]}}],"collection":[{"href":"https:\/\/www.lacavedeslecteurs.com\/index.php\/wp-json\/wp\/v2\/product"}],"about":[{"href":"https:\/\/www.lacavedeslecteurs.com\/index.php\/wp-json\/wp\/v2\/types\/product"}],"replies":[{"embeddable":true,"href":"https:\/\/www.lacavedeslecteurs.com\/index.php\/wp-json\/wp\/v2\/comments?post=11224"}],"wp:featuredmedia":[{"embeddable":true,"href":"https:\/\/www.lacavedeslecteurs.com\/index.php\/wp-json\/wp\/v2\/media\/16664"}],"wp:attachment":[{"href":"https:\/\/www.lacavedeslecteurs.com\/index.php\/wp-json\/wp\/v2\/media?parent=11224"}],"wp:term":[{"taxonomy":"product_brand","embeddable":true,"href":"https:\/\/www.lacavedeslecteurs.com\/index.php\/wp-json\/wp\/v2\/product_brand?post=11224"},{"taxonomy":"product_cat","embeddable":true,"href":"https:\/\/www.lacavedeslecteurs.com\/index.php\/wp-json\/wp\/v2\/product_cat?post=11224"},{"taxonomy":"product_tag","embeddable":true,"href":"https:\/\/www.lacavedeslecteurs.com\/index.php\/wp-json\/wp\/v2\/product_tag?post=11224"}],"curies":[{"name":"wp","href":"https:\/\/api.w.org\/{rel}","templated":true}]}}