{"id":11230,"date":"2025-12-31T12:56:20","date_gmt":"2025-12-31T12:56:20","guid":{"rendered":"https:\/\/www.lacavedeslecteurs.com\/index.php\/product\/domaine-du-vieux-college-les-champs-perdrix\/"},"modified":"2026-02-13T15:08:54","modified_gmt":"2026-02-13T15:08:54","slug":"domaine-du-vieux-college-les-champs-perdrix","status":"publish","type":"product","link":"https:\/\/www.lacavedeslecteurs.com\/index.php\/product\/domaine-du-vieux-college-les-champs-perdrix\/","title":{"rendered":"Domaine du Vieux Coll\u00e8ge Les Champs Perdrix - 2019"},"content":{"rendered":"<p>Ample et rond, il s\u2019ouvre sur une belle trame min\u00e9rale toute en longueur et en finesse. Vin bien \u00e9quilibr\u00e9 et d\u2019une grande intensit\u00e9. Un tr\u00e8s bon chardonnay \u00e0 prix mod\u00e9r\u00e9.<\/p>\n","protected":false},"excerpt":{"rendered":"<p>Ample et rond, il s\u2019ouvre sur une belle trame min\u00e9rale toute en longueur et en finesse. Vin bien \u00e9quilibr\u00e9 et d\u2019une grande intensit\u00e9. Un tr\u00e8s bon chardonnay \u00e0 prix mod\u00e9r\u00e9.<\/p>\n","protected":false},"featured_media":16683,"comment_status":"open","ping_status":"closed","template":"","meta":[],"product_brand":[],"product_cat":[41,21,365,138],"product_tag":[],"class_list":{"0":"post-11230","1":"product","2":"type-product","3":"status-publish","4":"has-post-thumbnail","6":"product_cat-blanc","7":"product_cat-bourgogne","8":"product_cat-categorie","9":"product_cat-couleurs","11":"first","12":"instock","13":"sale","14":"taxable","15":"shipping-taxable","16":"purchasable","17":"product-type-simple"},"_links":{"self":[{"href":"https:\/\/www.lacavedeslecteurs.com\/index.php\/wp-json\/wp\/v2\/product\/11230","targetHints":{"allow":["GET"]}}],"collection":[{"href":"https:\/\/www.lacavedeslecteurs.com\/index.php\/wp-json\/wp\/v2\/product"}],"about":[{"href":"https:\/\/www.lacavedeslecteurs.com\/index.php\/wp-json\/wp\/v2\/types\/product"}],"replies":[{"embeddable":true,"href":"https:\/\/www.lacavedeslecteurs.com\/index.php\/wp-json\/wp\/v2\/comments?post=11230"}],"wp:featuredmedia":[{"embeddable":true,"href":"https:\/\/www.lacavedeslecteurs.com\/index.php\/wp-json\/wp\/v2\/media\/16683"}],"wp:attachment":[{"href":"https:\/\/www.lacavedeslecteurs.com\/index.php\/wp-json\/wp\/v2\/media?parent=11230"}],"wp:term":[{"taxonomy":"product_brand","embeddable":true,"href":"https:\/\/www.lacavedeslecteurs.com\/index.php\/wp-json\/wp\/v2\/product_brand?post=11230"},{"taxonomy":"product_cat","embeddable":true,"href":"https:\/\/www.lacavedeslecteurs.com\/index.php\/wp-json\/wp\/v2\/product_cat?post=11230"},{"taxonomy":"product_tag","embeddable":true,"href":"https:\/\/www.lacavedeslecteurs.com\/index.php\/wp-json\/wp\/v2\/product_tag?post=11230"}],"curies":[{"name":"wp","href":"https:\/\/api.w.org\/{rel}","templated":true}]}}