{"id":11234,"date":"2025-12-31T12:56:23","date_gmt":"2025-12-31T12:56:23","guid":{"rendered":"https:\/\/www.lacavedeslecteurs.com\/index.php\/product\/chateau-tour-de-pez\/"},"modified":"2026-02-13T15:08:24","modified_gmt":"2026-02-13T15:08:24","slug":"chateau-tour-de-pez","status":"publish","type":"product","link":"https:\/\/www.lacavedeslecteurs.com\/index.php\/product\/chateau-tour-de-pez\/","title":{"rendered":"Ch\u00e2teau Tour de Pez - 2018"},"content":{"rendered":"<p>Ce mill\u00e9sime d\u00e9veloppe des senteurs fruit\u00e9es (cerise noire, myrtille) m\u00eal\u00e9es \u00e0 des notes florales (violettes, iris). Les tannins sont croquants et la bouche tendue par une jolie vivacit\u00e9. Bouche \u00e9pic\u00e9e et animale en finale !<\/p>\n","protected":false},"excerpt":{"rendered":"<p>Ce mill\u00e9sime d\u00e9veloppe des senteurs fruit\u00e9es (cerise noire, myrtille) m\u00eal\u00e9es \u00e0 des notes florales (violettes, iris). Les tannins sont croquants et la bouche tendue par une jolie vivacit\u00e9. Bouche \u00e9pic\u00e9e et animale en finale !<\/p>\n","protected":false},"featured_media":16666,"comment_status":"open","ping_status":"closed","template":"","meta":[],"product_brand":[],"product_cat":[20,365,138,27],"product_tag":[],"class_list":{"0":"post-11234","1":"product","2":"type-product","3":"status-publish","4":"has-post-thumbnail","6":"product_cat-bordeaux","7":"product_cat-categorie","8":"product_cat-couleurs","9":"product_cat-rouge","11":"first","12":"instock","13":"sale","14":"taxable","15":"shipping-taxable","16":"purchasable","17":"product-type-simple"},"_links":{"self":[{"href":"https:\/\/www.lacavedeslecteurs.com\/index.php\/wp-json\/wp\/v2\/product\/11234","targetHints":{"allow":["GET"]}}],"collection":[{"href":"https:\/\/www.lacavedeslecteurs.com\/index.php\/wp-json\/wp\/v2\/product"}],"about":[{"href":"https:\/\/www.lacavedeslecteurs.com\/index.php\/wp-json\/wp\/v2\/types\/product"}],"replies":[{"embeddable":true,"href":"https:\/\/www.lacavedeslecteurs.com\/index.php\/wp-json\/wp\/v2\/comments?post=11234"}],"wp:featuredmedia":[{"embeddable":true,"href":"https:\/\/www.lacavedeslecteurs.com\/index.php\/wp-json\/wp\/v2\/media\/16666"}],"wp:attachment":[{"href":"https:\/\/www.lacavedeslecteurs.com\/index.php\/wp-json\/wp\/v2\/media?parent=11234"}],"wp:term":[{"taxonomy":"product_brand","embeddable":true,"href":"https:\/\/www.lacavedeslecteurs.com\/index.php\/wp-json\/wp\/v2\/product_brand?post=11234"},{"taxonomy":"product_cat","embeddable":true,"href":"https:\/\/www.lacavedeslecteurs.com\/index.php\/wp-json\/wp\/v2\/product_cat?post=11234"},{"taxonomy":"product_tag","embeddable":true,"href":"https:\/\/www.lacavedeslecteurs.com\/index.php\/wp-json\/wp\/v2\/product_tag?post=11234"}],"curies":[{"name":"wp","href":"https:\/\/api.w.org\/{rel}","templated":true}]}}