{"id":11238,"date":"2025-12-31T12:56:27","date_gmt":"2025-12-31T12:56:27","guid":{"rendered":"https:\/\/www.lacavedeslecteurs.com\/index.php\/product\/domaine-saint-marc-paris-1234\/"},"modified":"2026-02-13T15:09:02","modified_gmt":"2026-02-13T15:09:02","slug":"domaine-saint-marc-paris-1234","status":"publish","type":"product","link":"https:\/\/www.lacavedeslecteurs.com\/index.php\/product\/domaine-saint-marc-paris-1234\/","title":{"rendered":"Domaine Saint-Marc Paris 1234 - 2021"},"content":{"rendered":"<p>De nombreuses notes de fruits rouges frais et croquants sublim\u00e9es par une finesse et un \u00e9quilibre caract\u00e9ristique de l&rsquo;appellation. Une belle structure et une longueur surprenante. Si vous appr\u00e9ciez les fruits rouges frais, n&rsquo;h\u00e9sitez plus, ce vin est fait pour vous !<\/p>\n","protected":false},"excerpt":{"rendered":"<p>De nombreuses notes de fruits rouges frais et croquants sublim\u00e9es par une finesse et un \u00e9quilibre caract\u00e9ristique de l&rsquo;appellation. Une belle structure et une longueur surprenante. Si vous appr\u00e9ciez les fruits rouges frais, n&rsquo;h\u00e9sitez plus, ce vin est fait pour vous !<\/p>\n","protected":false},"featured_media":16687,"comment_status":"open","ping_status":"closed","template":"","meta":[],"product_brand":[],"product_cat":[21,365,138,27],"product_tag":[],"class_list":{"0":"post-11238","1":"product","2":"type-product","3":"status-publish","4":"has-post-thumbnail","6":"product_cat-bourgogne","7":"product_cat-categorie","8":"product_cat-couleurs","9":"product_cat-rouge","11":"first","12":"instock","13":"sale","14":"taxable","15":"shipping-taxable","16":"purchasable","17":"product-type-simple"},"_links":{"self":[{"href":"https:\/\/www.lacavedeslecteurs.com\/index.php\/wp-json\/wp\/v2\/product\/11238","targetHints":{"allow":["GET"]}}],"collection":[{"href":"https:\/\/www.lacavedeslecteurs.com\/index.php\/wp-json\/wp\/v2\/product"}],"about":[{"href":"https:\/\/www.lacavedeslecteurs.com\/index.php\/wp-json\/wp\/v2\/types\/product"}],"replies":[{"embeddable":true,"href":"https:\/\/www.lacavedeslecteurs.com\/index.php\/wp-json\/wp\/v2\/comments?post=11238"}],"wp:featuredmedia":[{"embeddable":true,"href":"https:\/\/www.lacavedeslecteurs.com\/index.php\/wp-json\/wp\/v2\/media\/16687"}],"wp:attachment":[{"href":"https:\/\/www.lacavedeslecteurs.com\/index.php\/wp-json\/wp\/v2\/media?parent=11238"}],"wp:term":[{"taxonomy":"product_brand","embeddable":true,"href":"https:\/\/www.lacavedeslecteurs.com\/index.php\/wp-json\/wp\/v2\/product_brand?post=11238"},{"taxonomy":"product_cat","embeddable":true,"href":"https:\/\/www.lacavedeslecteurs.com\/index.php\/wp-json\/wp\/v2\/product_cat?post=11238"},{"taxonomy":"product_tag","embeddable":true,"href":"https:\/\/www.lacavedeslecteurs.com\/index.php\/wp-json\/wp\/v2\/product_tag?post=11238"}],"curies":[{"name":"wp","href":"https:\/\/api.w.org\/{rel}","templated":true}]}}