{"id":11240,"date":"2025-12-31T12:56:27","date_gmt":"2025-12-31T12:56:27","guid":{"rendered":"https:\/\/www.lacavedeslecteurs.com\/index.php\/product\/le-temps-de-la-rose-figeac-bio\/"},"modified":"2026-02-13T15:08:28","modified_gmt":"2026-02-13T15:08:28","slug":"le-temps-de-la-rose-figeac-bio","status":"publish","type":"product","link":"https:\/\/www.lacavedeslecteurs.com\/index.php\/product\/le-temps-de-la-rose-figeac-bio\/","title":{"rendered":"Le Temps de La Rose Figeac BIO - 2019"},"content":{"rendered":"<p>L\u2019histoire du domaine commence en 1961 quand Louis Rapin en fait l\u2019acquisition. C\u2019est ensuite, sa petite-fille, Nathalie Despagne qui prendra la direction en 2013. Typiques de l\u2019appellation, ses vins sont caract\u00e9ris\u00e9s par un bouquet fruit\u00e9 et intense. Les tanins sont suaves et accompagnent une belle fra\u00eecheur. Des cuv\u00e9es \u00e9quilibr\u00e9es<\/p>\n","protected":false},"excerpt":{"rendered":"<p>L\u2019histoire du domaine commence en 1961 quand Louis Rapin en fait l\u2019acquisition. C\u2019est ensuite, sa petite-fille, Nathalie Despagne qui prendra la direction en 2013. Typiques de l\u2019appellation, ses vins sont caract\u00e9ris\u00e9s par un bouquet fruit\u00e9 et intense. Les tanins sont suaves et accompagnent une belle fra\u00eecheur. Des cuv\u00e9es \u00e9quilibr\u00e9es<\/p>\n","protected":false},"featured_media":16667,"comment_status":"open","ping_status":"closed","template":"","meta":[],"product_brand":[],"product_cat":[20,365,138,27],"product_tag":[],"class_list":{"0":"post-11240","1":"product","2":"type-product","3":"status-publish","4":"has-post-thumbnail","6":"product_cat-bordeaux","7":"product_cat-categorie","8":"product_cat-couleurs","9":"product_cat-rouge","11":"first","12":"instock","13":"sale","14":"taxable","15":"shipping-taxable","16":"purchasable","17":"product-type-simple"},"_links":{"self":[{"href":"https:\/\/www.lacavedeslecteurs.com\/index.php\/wp-json\/wp\/v2\/product\/11240","targetHints":{"allow":["GET"]}}],"collection":[{"href":"https:\/\/www.lacavedeslecteurs.com\/index.php\/wp-json\/wp\/v2\/product"}],"about":[{"href":"https:\/\/www.lacavedeslecteurs.com\/index.php\/wp-json\/wp\/v2\/types\/product"}],"replies":[{"embeddable":true,"href":"https:\/\/www.lacavedeslecteurs.com\/index.php\/wp-json\/wp\/v2\/comments?post=11240"}],"wp:featuredmedia":[{"embeddable":true,"href":"https:\/\/www.lacavedeslecteurs.com\/index.php\/wp-json\/wp\/v2\/media\/16667"}],"wp:attachment":[{"href":"https:\/\/www.lacavedeslecteurs.com\/index.php\/wp-json\/wp\/v2\/media?parent=11240"}],"wp:term":[{"taxonomy":"product_brand","embeddable":true,"href":"https:\/\/www.lacavedeslecteurs.com\/index.php\/wp-json\/wp\/v2\/product_brand?post=11240"},{"taxonomy":"product_cat","embeddable":true,"href":"https:\/\/www.lacavedeslecteurs.com\/index.php\/wp-json\/wp\/v2\/product_cat?post=11240"},{"taxonomy":"product_tag","embeddable":true,"href":"https:\/\/www.lacavedeslecteurs.com\/index.php\/wp-json\/wp\/v2\/product_tag?post=11240"}],"curies":[{"name":"wp","href":"https:\/\/api.w.org\/{rel}","templated":true}]}}