{"id":11242,"date":"2025-12-31T12:56:28","date_gmt":"2025-12-31T12:56:28","guid":{"rendered":"https:\/\/www.lacavedeslecteurs.com\/index.php\/product\/chateau-tournefeuille\/"},"modified":"2026-02-13T15:08:30","modified_gmt":"2026-02-13T15:08:30","slug":"chateau-tournefeuille","status":"publish","type":"product","link":"https:\/\/www.lacavedeslecteurs.com\/index.php\/product\/chateau-tournefeuille\/","title":{"rendered":"Ch\u00e2teau Tournefeuille - 2018"},"content":{"rendered":"<p>L\u2019une des perles de l\u2019appellation surplombant le mythique plateau de Pomerol. Le nez allie ar\u00f4mes floraux et fruit\u00e9s avec gourmandise. En bouche, ce vin est tendre, avec une mati\u00e8re soyeuse et des tanins \u00e9quilibr\u00e9s.<\/p>\n","protected":false},"excerpt":{"rendered":"<p>L\u2019une des perles de l\u2019appellation surplombant le mythique plateau de Pomerol. Le nez allie ar\u00f4mes floraux et fruit\u00e9s avec gourmandise. En bouche, ce vin est tendre, avec une mati\u00e8re soyeuse et des tanins \u00e9quilibr\u00e9s.<\/p>\n","protected":false},"featured_media":16668,"comment_status":"open","ping_status":"closed","template":"","meta":[],"product_brand":[],"product_cat":[20,365,138,27],"product_tag":[],"class_list":{"0":"post-11242","1":"product","2":"type-product","3":"status-publish","4":"has-post-thumbnail","6":"product_cat-bordeaux","7":"product_cat-categorie","8":"product_cat-couleurs","9":"product_cat-rouge","11":"first","12":"instock","13":"sale","14":"taxable","15":"shipping-taxable","16":"purchasable","17":"product-type-simple"},"_links":{"self":[{"href":"https:\/\/www.lacavedeslecteurs.com\/index.php\/wp-json\/wp\/v2\/product\/11242","targetHints":{"allow":["GET"]}}],"collection":[{"href":"https:\/\/www.lacavedeslecteurs.com\/index.php\/wp-json\/wp\/v2\/product"}],"about":[{"href":"https:\/\/www.lacavedeslecteurs.com\/index.php\/wp-json\/wp\/v2\/types\/product"}],"replies":[{"embeddable":true,"href":"https:\/\/www.lacavedeslecteurs.com\/index.php\/wp-json\/wp\/v2\/comments?post=11242"}],"wp:featuredmedia":[{"embeddable":true,"href":"https:\/\/www.lacavedeslecteurs.com\/index.php\/wp-json\/wp\/v2\/media\/16668"}],"wp:attachment":[{"href":"https:\/\/www.lacavedeslecteurs.com\/index.php\/wp-json\/wp\/v2\/media?parent=11242"}],"wp:term":[{"taxonomy":"product_brand","embeddable":true,"href":"https:\/\/www.lacavedeslecteurs.com\/index.php\/wp-json\/wp\/v2\/product_brand?post=11242"},{"taxonomy":"product_cat","embeddable":true,"href":"https:\/\/www.lacavedeslecteurs.com\/index.php\/wp-json\/wp\/v2\/product_cat?post=11242"},{"taxonomy":"product_tag","embeddable":true,"href":"https:\/\/www.lacavedeslecteurs.com\/index.php\/wp-json\/wp\/v2\/product_tag?post=11242"}],"curies":[{"name":"wp","href":"https:\/\/api.w.org\/{rel}","templated":true}]}}