{"id":11245,"date":"2025-12-31T12:56:29","date_gmt":"2025-12-31T12:56:29","guid":{"rendered":"https:\/\/www.lacavedeslecteurs.com\/index.php\/product\/chateau-trotanoy\/"},"modified":"2026-02-13T15:08:30","modified_gmt":"2026-02-13T15:08:30","slug":"chateau-trotanoy","status":"publish","type":"product","link":"https:\/\/www.lacavedeslecteurs.com\/index.php\/product\/chateau-trotanoy\/","title":{"rendered":"Ch\u00e2teau Trotanoy - 2018"},"content":{"rendered":"<p>Ce Pomerol propose un vin charmeur \u00e0 la robe grenat.  Son nez est superbement fruit\u00e9, sur les ar\u00f4mes de fruits noirs, avec des notes fum\u00e9es et toast\u00e9es. En bouche, il pr\u00e9sente un tr\u00e8s bel \u00e9quilibre, sur de beaux tannins m\u00fbrs. Un grand vin tr\u00e8s bien fait, une finale longue avec beaucoup de fra\u00eecheur dans un mill\u00e9sime 2018 grandiose ! <\/p>\n","protected":false},"excerpt":{"rendered":"<p>Ce Pomerol propose un vin charmeur \u00e0 la robe grenat. Son nez est superbement fruit\u00e9, sur les ar\u00f4mes de fruits noirs, avec des notes fum\u00e9es et toast\u00e9es. En bouche, il pr\u00e9sente un tr\u00e8s bel \u00e9quilibre, sur de beaux tannins m\u00fbrs. Un grand vin tr\u00e8s bien fait, une finale longue avec beaucoup de fra\u00eecheur dans un [&hellip;]<\/p>\n","protected":false},"featured_media":16669,"comment_status":"open","ping_status":"closed","template":"","meta":[],"product_brand":[],"product_cat":[20,365,138,27],"product_tag":[],"class_list":{"0":"post-11245","1":"product","2":"type-product","3":"status-publish","4":"has-post-thumbnail","6":"product_cat-bordeaux","7":"product_cat-categorie","8":"product_cat-couleurs","9":"product_cat-rouge","11":"first","12":"instock","13":"sale","14":"taxable","15":"shipping-taxable","16":"purchasable","17":"product-type-simple"},"_links":{"self":[{"href":"https:\/\/www.lacavedeslecteurs.com\/index.php\/wp-json\/wp\/v2\/product\/11245","targetHints":{"allow":["GET"]}}],"collection":[{"href":"https:\/\/www.lacavedeslecteurs.com\/index.php\/wp-json\/wp\/v2\/product"}],"about":[{"href":"https:\/\/www.lacavedeslecteurs.com\/index.php\/wp-json\/wp\/v2\/types\/product"}],"replies":[{"embeddable":true,"href":"https:\/\/www.lacavedeslecteurs.com\/index.php\/wp-json\/wp\/v2\/comments?post=11245"}],"wp:featuredmedia":[{"embeddable":true,"href":"https:\/\/www.lacavedeslecteurs.com\/index.php\/wp-json\/wp\/v2\/media\/16669"}],"wp:attachment":[{"href":"https:\/\/www.lacavedeslecteurs.com\/index.php\/wp-json\/wp\/v2\/media?parent=11245"}],"wp:term":[{"taxonomy":"product_brand","embeddable":true,"href":"https:\/\/www.lacavedeslecteurs.com\/index.php\/wp-json\/wp\/v2\/product_brand?post=11245"},{"taxonomy":"product_cat","embeddable":true,"href":"https:\/\/www.lacavedeslecteurs.com\/index.php\/wp-json\/wp\/v2\/product_cat?post=11245"},{"taxonomy":"product_tag","embeddable":true,"href":"https:\/\/www.lacavedeslecteurs.com\/index.php\/wp-json\/wp\/v2\/product_tag?post=11245"}],"curies":[{"name":"wp","href":"https:\/\/api.w.org\/{rel}","templated":true}]}}