{"id":11253,"date":"2025-12-31T12:56:33","date_gmt":"2025-12-31T12:56:33","guid":{"rendered":"https:\/\/www.lacavedeslecteurs.com\/index.php\/product\/domaine-geantet-pansiot-etre-sobre-cest-boire-bon\/"},"modified":"2026-02-13T15:09:11","modified_gmt":"2026-02-13T15:09:11","slug":"domaine-geantet-pansiot-etre-sobre-cest-boire-bon","status":"publish","type":"product","link":"https:\/\/www.lacavedeslecteurs.com\/index.php\/product\/domaine-geantet-pansiot-etre-sobre-cest-boire-bon\/","title":{"rendered":"Domaine Geantet-Pansiot \u00catre sobre c&rsquo;est boire bon - 2020"},"content":{"rendered":"<p>Une cuv\u00e9e de Savigny avec du caract\u00e8re et de la profondeur. Les ar\u00f4mes fruit\u00e9s dominent et laissent place aux notes bois\u00e9es sur la fin de bouche. Les tannins sont bien pr\u00e9sents et donnent de la longueur \u00e0 l&rsquo;ensemble.<\/p>\n","protected":false},"excerpt":{"rendered":"<p>Une cuv\u00e9e de Savigny avec du caract\u00e8re et de la profondeur. Les ar\u00f4mes fruit\u00e9s dominent et laissent place aux notes bois\u00e9es sur la fin de bouche. Les tannins sont bien pr\u00e9sents et donnent de la longueur \u00e0 l&rsquo;ensemble.<\/p>\n","protected":false},"featured_media":16692,"comment_status":"open","ping_status":"closed","template":"","meta":[],"product_brand":[],"product_cat":[21,365,138,27],"product_tag":[],"class_list":{"0":"post-11253","1":"product","2":"type-product","3":"status-publish","4":"has-post-thumbnail","6":"product_cat-bourgogne","7":"product_cat-categorie","8":"product_cat-couleurs","9":"product_cat-rouge","11":"first","12":"instock","13":"sale","14":"taxable","15":"shipping-taxable","16":"purchasable","17":"product-type-simple"},"_links":{"self":[{"href":"https:\/\/www.lacavedeslecteurs.com\/index.php\/wp-json\/wp\/v2\/product\/11253","targetHints":{"allow":["GET"]}}],"collection":[{"href":"https:\/\/www.lacavedeslecteurs.com\/index.php\/wp-json\/wp\/v2\/product"}],"about":[{"href":"https:\/\/www.lacavedeslecteurs.com\/index.php\/wp-json\/wp\/v2\/types\/product"}],"replies":[{"embeddable":true,"href":"https:\/\/www.lacavedeslecteurs.com\/index.php\/wp-json\/wp\/v2\/comments?post=11253"}],"wp:featuredmedia":[{"embeddable":true,"href":"https:\/\/www.lacavedeslecteurs.com\/index.php\/wp-json\/wp\/v2\/media\/16692"}],"wp:attachment":[{"href":"https:\/\/www.lacavedeslecteurs.com\/index.php\/wp-json\/wp\/v2\/media?parent=11253"}],"wp:term":[{"taxonomy":"product_brand","embeddable":true,"href":"https:\/\/www.lacavedeslecteurs.com\/index.php\/wp-json\/wp\/v2\/product_brand?post=11253"},{"taxonomy":"product_cat","embeddable":true,"href":"https:\/\/www.lacavedeslecteurs.com\/index.php\/wp-json\/wp\/v2\/product_cat?post=11253"},{"taxonomy":"product_tag","embeddable":true,"href":"https:\/\/www.lacavedeslecteurs.com\/index.php\/wp-json\/wp\/v2\/product_tag?post=11253"}],"curies":[{"name":"wp","href":"https:\/\/api.w.org\/{rel}","templated":true}]}}