{"id":11258,"date":"2025-12-31T12:56:34","date_gmt":"2025-12-31T12:56:34","guid":{"rendered":"https:\/\/www.lacavedeslecteurs.com\/index.php\/product\/domaine-genot-boulanger-clos-du-chapitre\/"},"modified":"2026-02-13T15:09:12","modified_gmt":"2026-02-13T15:09:12","slug":"domaine-genot-boulanger-clos-du-chapitre","status":"publish","type":"product","link":"https:\/\/www.lacavedeslecteurs.com\/index.php\/product\/domaine-genot-boulanger-clos-du-chapitre\/","title":{"rendered":"Domaine G\u00e9not-Boulanger Clos du Chapitre - 2015"},"content":{"rendered":"<p>Les pinot noirs sont \u00e9grapp\u00e9s et deux ou trois pigeages sont appliqu\u00e9s, mais le bois ne doit jamais \u00eatre pr\u00e9dominant. In fine, les vins sont \u00e9quilibr\u00e9s, \u00e0 d\u00e9guster \u00e0 l&rsquo;envie mais, au fil du temps, ils r\u00e9v\u00e8lent toute leur complexit\u00e9. Cet Auxey-Duresses est plein, rond, les tanins sont soyeux et velout\u00e9s, beaucoup de longueur.<\/p>\n","protected":false},"excerpt":{"rendered":"<p>Les pinot noirs sont \u00e9grapp\u00e9s et deux ou trois pigeages sont appliqu\u00e9s, mais le bois ne doit jamais \u00eatre pr\u00e9dominant. In fine, les vins sont \u00e9quilibr\u00e9s, \u00e0 d\u00e9guster \u00e0 l&rsquo;envie mais, au fil du temps, ils r\u00e9v\u00e8lent toute leur complexit\u00e9. Cet Auxey-Duresses est plein, rond, les tanins sont soyeux et velout\u00e9s, beaucoup de longueur.<\/p>\n","protected":false},"featured_media":16693,"comment_status":"open","ping_status":"closed","template":"","meta":[],"product_brand":[],"product_cat":[21,365,138,27],"product_tag":[],"class_list":{"0":"post-11258","1":"product","2":"type-product","3":"status-publish","4":"has-post-thumbnail","6":"product_cat-bourgogne","7":"product_cat-categorie","8":"product_cat-couleurs","9":"product_cat-rouge","11":"first","12":"instock","13":"sale","14":"taxable","15":"shipping-taxable","16":"purchasable","17":"product-type-simple"},"_links":{"self":[{"href":"https:\/\/www.lacavedeslecteurs.com\/index.php\/wp-json\/wp\/v2\/product\/11258","targetHints":{"allow":["GET"]}}],"collection":[{"href":"https:\/\/www.lacavedeslecteurs.com\/index.php\/wp-json\/wp\/v2\/product"}],"about":[{"href":"https:\/\/www.lacavedeslecteurs.com\/index.php\/wp-json\/wp\/v2\/types\/product"}],"replies":[{"embeddable":true,"href":"https:\/\/www.lacavedeslecteurs.com\/index.php\/wp-json\/wp\/v2\/comments?post=11258"}],"wp:featuredmedia":[{"embeddable":true,"href":"https:\/\/www.lacavedeslecteurs.com\/index.php\/wp-json\/wp\/v2\/media\/16693"}],"wp:attachment":[{"href":"https:\/\/www.lacavedeslecteurs.com\/index.php\/wp-json\/wp\/v2\/media?parent=11258"}],"wp:term":[{"taxonomy":"product_brand","embeddable":true,"href":"https:\/\/www.lacavedeslecteurs.com\/index.php\/wp-json\/wp\/v2\/product_brand?post=11258"},{"taxonomy":"product_cat","embeddable":true,"href":"https:\/\/www.lacavedeslecteurs.com\/index.php\/wp-json\/wp\/v2\/product_cat?post=11258"},{"taxonomy":"product_tag","embeddable":true,"href":"https:\/\/www.lacavedeslecteurs.com\/index.php\/wp-json\/wp\/v2\/product_tag?post=11258"}],"curies":[{"name":"wp","href":"https:\/\/api.w.org\/{rel}","templated":true}]}}