{"id":11262,"date":"2025-12-31T12:56:36","date_gmt":"2025-12-31T12:56:36","guid":{"rendered":"https:\/\/www.lacavedeslecteurs.com\/index.php\/product\/chateau-de-chamilly-derriere-chez-edouard\/"},"modified":"2026-02-13T15:09:16","modified_gmt":"2026-02-13T15:09:16","slug":"chateau-de-chamilly-derriere-chez-edouard","status":"publish","type":"product","link":"https:\/\/www.lacavedeslecteurs.com\/index.php\/product\/chateau-de-chamilly-derriere-chez-edouard\/","title":{"rendered":"Ch\u00e2teau de Chamilly Derri\u00e8re chez Edouard - 2019"},"content":{"rendered":"<p>Le Ch\u00e2teau de Chamilly est un domaine familial au c\u0153ur de la Bourgogne au nord de la C\u00f4te Chalonnaise. La famille Desfontaines s\u2019y installe en 2007 pour acqu\u00e9rir \u00e0 ce jour 32 hectares de vignes. Leurs principales valeurs : le travail dans le respect de la terre, la vigne, les raisins et le vin, \u00eatre proche de la nature et de l\u2019expression de son climat. <\/p>\n","protected":false},"excerpt":{"rendered":"<p>Le Ch\u00e2teau de Chamilly est un domaine familial au c\u0153ur de la Bourgogne au nord de la C\u00f4te Chalonnaise. La famille Desfontaines s\u2019y installe en 2007 pour acqu\u00e9rir \u00e0 ce jour 32 hectares de vignes. Leurs principales valeurs : le travail dans le respect de la terre, la vigne, les raisins et le vin, \u00eatre [&hellip;]<\/p>\n","protected":false},"featured_media":16695,"comment_status":"open","ping_status":"closed","template":"","meta":[],"product_brand":[],"product_cat":[41,21,365,138],"product_tag":[],"class_list":{"0":"post-11262","1":"product","2":"type-product","3":"status-publish","4":"has-post-thumbnail","6":"product_cat-blanc","7":"product_cat-bourgogne","8":"product_cat-categorie","9":"product_cat-couleurs","11":"first","12":"instock","13":"sale","14":"taxable","15":"shipping-taxable","16":"purchasable","17":"product-type-simple"},"_links":{"self":[{"href":"https:\/\/www.lacavedeslecteurs.com\/index.php\/wp-json\/wp\/v2\/product\/11262","targetHints":{"allow":["GET"]}}],"collection":[{"href":"https:\/\/www.lacavedeslecteurs.com\/index.php\/wp-json\/wp\/v2\/product"}],"about":[{"href":"https:\/\/www.lacavedeslecteurs.com\/index.php\/wp-json\/wp\/v2\/types\/product"}],"replies":[{"embeddable":true,"href":"https:\/\/www.lacavedeslecteurs.com\/index.php\/wp-json\/wp\/v2\/comments?post=11262"}],"wp:featuredmedia":[{"embeddable":true,"href":"https:\/\/www.lacavedeslecteurs.com\/index.php\/wp-json\/wp\/v2\/media\/16695"}],"wp:attachment":[{"href":"https:\/\/www.lacavedeslecteurs.com\/index.php\/wp-json\/wp\/v2\/media?parent=11262"}],"wp:term":[{"taxonomy":"product_brand","embeddable":true,"href":"https:\/\/www.lacavedeslecteurs.com\/index.php\/wp-json\/wp\/v2\/product_brand?post=11262"},{"taxonomy":"product_cat","embeddable":true,"href":"https:\/\/www.lacavedeslecteurs.com\/index.php\/wp-json\/wp\/v2\/product_cat?post=11262"},{"taxonomy":"product_tag","embeddable":true,"href":"https:\/\/www.lacavedeslecteurs.com\/index.php\/wp-json\/wp\/v2\/product_tag?post=11262"}],"curies":[{"name":"wp","href":"https:\/\/api.w.org\/{rel}","templated":true}]}}