{"id":11268,"date":"2025-12-31T12:56:40","date_gmt":"2025-12-31T12:56:40","guid":{"rendered":"https:\/\/www.lacavedeslecteurs.com\/index.php\/product\/domaine-vaudoisey-creusefond\/"},"modified":"2026-02-13T15:09:20","modified_gmt":"2026-02-13T15:09:20","slug":"domaine-vaudoisey-creusefond","status":"publish","type":"product","link":"https:\/\/www.lacavedeslecteurs.com\/index.php\/product\/domaine-vaudoisey-creusefond\/","title":{"rendered":"Domaine Vaudoisey-Creusefond - 2019"},"content":{"rendered":"<p>Malgr\u00e9 le d\u00e9c\u00e8s de St\u00e9phane Moreau-Naudet en 2016, grand personnage des terroirs de Chablis, Virginie sa femme, continue de transmettre tout l\u2019amour et la philosophie de travail initi\u00e9s par son mari. Elle produit ainsi des vins toujours aussi \u00e9mouvants. Un domaine m\u00e9connu mais exceptionnel !<\/p>\n","protected":false},"excerpt":{"rendered":"<p>Malgr\u00e9 le d\u00e9c\u00e8s de St\u00e9phane Moreau-Naudet en 2016, grand personnage des terroirs de Chablis, Virginie sa femme, continue de transmettre tout l\u2019amour et la philosophie de travail initi\u00e9s par son mari. Elle produit ainsi des vins toujours aussi \u00e9mouvants. Un domaine m\u00e9connu mais exceptionnel !<\/p>\n","protected":false},"featured_media":16698,"comment_status":"open","ping_status":"closed","template":"","meta":[],"product_brand":[],"product_cat":[41,21,365,138],"product_tag":[],"class_list":{"0":"post-11268","1":"product","2":"type-product","3":"status-publish","4":"has-post-thumbnail","6":"product_cat-blanc","7":"product_cat-bourgogne","8":"product_cat-categorie","9":"product_cat-couleurs","11":"first","12":"instock","13":"sale","14":"taxable","15":"shipping-taxable","16":"purchasable","17":"product-type-simple"},"_links":{"self":[{"href":"https:\/\/www.lacavedeslecteurs.com\/index.php\/wp-json\/wp\/v2\/product\/11268","targetHints":{"allow":["GET"]}}],"collection":[{"href":"https:\/\/www.lacavedeslecteurs.com\/index.php\/wp-json\/wp\/v2\/product"}],"about":[{"href":"https:\/\/www.lacavedeslecteurs.com\/index.php\/wp-json\/wp\/v2\/types\/product"}],"replies":[{"embeddable":true,"href":"https:\/\/www.lacavedeslecteurs.com\/index.php\/wp-json\/wp\/v2\/comments?post=11268"}],"wp:featuredmedia":[{"embeddable":true,"href":"https:\/\/www.lacavedeslecteurs.com\/index.php\/wp-json\/wp\/v2\/media\/16698"}],"wp:attachment":[{"href":"https:\/\/www.lacavedeslecteurs.com\/index.php\/wp-json\/wp\/v2\/media?parent=11268"}],"wp:term":[{"taxonomy":"product_brand","embeddable":true,"href":"https:\/\/www.lacavedeslecteurs.com\/index.php\/wp-json\/wp\/v2\/product_brand?post=11268"},{"taxonomy":"product_cat","embeddable":true,"href":"https:\/\/www.lacavedeslecteurs.com\/index.php\/wp-json\/wp\/v2\/product_cat?post=11268"},{"taxonomy":"product_tag","embeddable":true,"href":"https:\/\/www.lacavedeslecteurs.com\/index.php\/wp-json\/wp\/v2\/product_tag?post=11268"}],"curies":[{"name":"wp","href":"https:\/\/api.w.org\/{rel}","templated":true}]}}