{"id":11272,"date":"2025-12-31T12:56:41","date_gmt":"2025-12-31T12:56:41","guid":{"rendered":"https:\/\/www.lacavedeslecteurs.com\/index.php\/product\/domaine-saint-marc-clos-des-avaux\/"},"modified":"2026-02-13T15:09:24","modified_gmt":"2026-02-13T15:09:24","slug":"domaine-saint-marc-clos-des-avaux","status":"publish","type":"product","link":"https:\/\/www.lacavedeslecteurs.com\/index.php\/product\/domaine-saint-marc-clos-des-avaux\/","title":{"rendered":"Domaine Saint-Marc Clos des Avaux - 2020"},"content":{"rendered":"<p>Un vin r\u00e9serv\u00e9 aux amateurs de finesse et de l\u00e9g\u00e8ret\u00e9 ! La robe est tr\u00e8s claire le nez est l\u00e9g\u00e8rement \u00e9pic\u00e9, la bouche rend hommage au Pinot Noir : tout en finesse et longueur, son go\u00fbt si typique de petits fruits noirs, de fum\u00e9e, magnifiant ce terroir class\u00e9 1er Cru.<\/p>\n","protected":false},"excerpt":{"rendered":"<p>Un vin r\u00e9serv\u00e9 aux amateurs de finesse et de l\u00e9g\u00e8ret\u00e9 ! La robe est tr\u00e8s claire le nez est l\u00e9g\u00e8rement \u00e9pic\u00e9, la bouche rend hommage au Pinot Noir : tout en finesse et longueur, son go\u00fbt si typique de petits fruits noirs, de fum\u00e9e, magnifiant ce terroir class\u00e9 1er Cru.<\/p>\n","protected":false},"featured_media":16700,"comment_status":"open","ping_status":"closed","template":"","meta":[],"product_brand":[],"product_cat":[21,365,138,27],"product_tag":[],"class_list":{"0":"post-11272","1":"product","2":"type-product","3":"status-publish","4":"has-post-thumbnail","6":"product_cat-bourgogne","7":"product_cat-categorie","8":"product_cat-couleurs","9":"product_cat-rouge","11":"first","12":"instock","13":"sale","14":"taxable","15":"shipping-taxable","16":"purchasable","17":"product-type-simple"},"_links":{"self":[{"href":"https:\/\/www.lacavedeslecteurs.com\/index.php\/wp-json\/wp\/v2\/product\/11272","targetHints":{"allow":["GET"]}}],"collection":[{"href":"https:\/\/www.lacavedeslecteurs.com\/index.php\/wp-json\/wp\/v2\/product"}],"about":[{"href":"https:\/\/www.lacavedeslecteurs.com\/index.php\/wp-json\/wp\/v2\/types\/product"}],"replies":[{"embeddable":true,"href":"https:\/\/www.lacavedeslecteurs.com\/index.php\/wp-json\/wp\/v2\/comments?post=11272"}],"wp:featuredmedia":[{"embeddable":true,"href":"https:\/\/www.lacavedeslecteurs.com\/index.php\/wp-json\/wp\/v2\/media\/16700"}],"wp:attachment":[{"href":"https:\/\/www.lacavedeslecteurs.com\/index.php\/wp-json\/wp\/v2\/media?parent=11272"}],"wp:term":[{"taxonomy":"product_brand","embeddable":true,"href":"https:\/\/www.lacavedeslecteurs.com\/index.php\/wp-json\/wp\/v2\/product_brand?post=11272"},{"taxonomy":"product_cat","embeddable":true,"href":"https:\/\/www.lacavedeslecteurs.com\/index.php\/wp-json\/wp\/v2\/product_cat?post=11272"},{"taxonomy":"product_tag","embeddable":true,"href":"https:\/\/www.lacavedeslecteurs.com\/index.php\/wp-json\/wp\/v2\/product_tag?post=11272"}],"curies":[{"name":"wp","href":"https:\/\/api.w.org\/{rel}","templated":true}]}}