{"id":11278,"date":"2025-12-31T12:56:46","date_gmt":"2025-12-31T12:56:46","guid":{"rendered":"https:\/\/www.lacavedeslecteurs.com\/index.php\/product\/domaine-isabelle-et-denis-pommier\/"},"modified":"2026-02-13T15:09:32","modified_gmt":"2026-02-13T15:09:32","slug":"domaine-isabelle-et-denis-pommier","status":"publish","type":"product","link":"https:\/\/www.lacavedeslecteurs.com\/index.php\/product\/domaine-isabelle-et-denis-pommier\/","title":{"rendered":"Domaine Isabelle et Denis Pommier - 2018"},"content":{"rendered":"<p>R\u00e9chauffement climatique oblige, les vignobles septentrionaux qui, dans le pass\u00e9, peinaient \u00e0 m\u00fbrir le raisin sont devenus de nouveaux territoires \u00e0 conqu\u00e9rir pour une g\u00e9n\u00e9ration de vignerons comme le domaine Pommier qui s\u2019affirme avec ce chardonnay frais, pur et a\u00e9rien.<\/p>\n","protected":false},"excerpt":{"rendered":"<p>R\u00e9chauffement climatique oblige, les vignobles septentrionaux qui, dans le pass\u00e9, peinaient \u00e0 m\u00fbrir le raisin sont devenus de nouveaux territoires \u00e0 conqu\u00e9rir pour une g\u00e9n\u00e9ration de vignerons comme le domaine Pommier qui s\u2019affirme avec ce chardonnay frais, pur et a\u00e9rien.<\/p>\n","protected":false},"featured_media":16703,"comment_status":"open","ping_status":"closed","template":"","meta":[],"product_brand":[],"product_cat":[41,21,365,138],"product_tag":[],"class_list":{"0":"post-11278","1":"product","2":"type-product","3":"status-publish","4":"has-post-thumbnail","6":"product_cat-blanc","7":"product_cat-bourgogne","8":"product_cat-categorie","9":"product_cat-couleurs","11":"first","12":"instock","13":"sale","14":"taxable","15":"shipping-taxable","16":"purchasable","17":"product-type-simple"},"_links":{"self":[{"href":"https:\/\/www.lacavedeslecteurs.com\/index.php\/wp-json\/wp\/v2\/product\/11278","targetHints":{"allow":["GET"]}}],"collection":[{"href":"https:\/\/www.lacavedeslecteurs.com\/index.php\/wp-json\/wp\/v2\/product"}],"about":[{"href":"https:\/\/www.lacavedeslecteurs.com\/index.php\/wp-json\/wp\/v2\/types\/product"}],"replies":[{"embeddable":true,"href":"https:\/\/www.lacavedeslecteurs.com\/index.php\/wp-json\/wp\/v2\/comments?post=11278"}],"wp:featuredmedia":[{"embeddable":true,"href":"https:\/\/www.lacavedeslecteurs.com\/index.php\/wp-json\/wp\/v2\/media\/16703"}],"wp:attachment":[{"href":"https:\/\/www.lacavedeslecteurs.com\/index.php\/wp-json\/wp\/v2\/media?parent=11278"}],"wp:term":[{"taxonomy":"product_brand","embeddable":true,"href":"https:\/\/www.lacavedeslecteurs.com\/index.php\/wp-json\/wp\/v2\/product_brand?post=11278"},{"taxonomy":"product_cat","embeddable":true,"href":"https:\/\/www.lacavedeslecteurs.com\/index.php\/wp-json\/wp\/v2\/product_cat?post=11278"},{"taxonomy":"product_tag","embeddable":true,"href":"https:\/\/www.lacavedeslecteurs.com\/index.php\/wp-json\/wp\/v2\/product_tag?post=11278"}],"curies":[{"name":"wp","href":"https:\/\/api.w.org\/{rel}","templated":true}]}}