{"id":11282,"date":"2025-12-31T12:56:48","date_gmt":"2025-12-31T12:56:48","guid":{"rendered":"https:\/\/www.lacavedeslecteurs.com\/index.php\/product\/domaine-desertaux-ferrand\/"},"modified":"2026-02-13T15:09:40","modified_gmt":"2026-02-13T15:09:40","slug":"domaine-desertaux-ferrand","status":"publish","type":"product","link":"https:\/\/www.lacavedeslecteurs.com\/index.php\/product\/domaine-desertaux-ferrand\/","title":{"rendered":"Domaine D\u00e9sertaux-Ferrand - 2019"},"content":{"rendered":"<p>Ce vin, valeur s\u00fbre du Domaine, provient d\u2019un assemblage \u00e9quilibr\u00e9 de 30 % de pinot blanc et 70 % de chardonnay. Rare, il offre un profil l\u00e9g\u00e8rement bois\u00e9 et au caract\u00e8re prononc\u00e9.<\/p>\n","protected":false},"excerpt":{"rendered":"<p>Ce vin, valeur s\u00fbre du Domaine, provient d\u2019un assemblage \u00e9quilibr\u00e9 de 30 % de pinot blanc et 70 % de chardonnay. Rare, il offre un profil l\u00e9g\u00e8rement bois\u00e9 et au caract\u00e8re prononc\u00e9.<\/p>\n","protected":false},"featured_media":16708,"comment_status":"open","ping_status":"closed","template":"","meta":[],"product_brand":[],"product_cat":[41,21,365,138],"product_tag":[],"class_list":{"0":"post-11282","1":"product","2":"type-product","3":"status-publish","4":"has-post-thumbnail","6":"product_cat-blanc","7":"product_cat-bourgogne","8":"product_cat-categorie","9":"product_cat-couleurs","11":"first","12":"instock","13":"sale","14":"taxable","15":"shipping-taxable","16":"purchasable","17":"product-type-simple"},"_links":{"self":[{"href":"https:\/\/www.lacavedeslecteurs.com\/index.php\/wp-json\/wp\/v2\/product\/11282","targetHints":{"allow":["GET"]}}],"collection":[{"href":"https:\/\/www.lacavedeslecteurs.com\/index.php\/wp-json\/wp\/v2\/product"}],"about":[{"href":"https:\/\/www.lacavedeslecteurs.com\/index.php\/wp-json\/wp\/v2\/types\/product"}],"replies":[{"embeddable":true,"href":"https:\/\/www.lacavedeslecteurs.com\/index.php\/wp-json\/wp\/v2\/comments?post=11282"}],"wp:featuredmedia":[{"embeddable":true,"href":"https:\/\/www.lacavedeslecteurs.com\/index.php\/wp-json\/wp\/v2\/media\/16708"}],"wp:attachment":[{"href":"https:\/\/www.lacavedeslecteurs.com\/index.php\/wp-json\/wp\/v2\/media?parent=11282"}],"wp:term":[{"taxonomy":"product_brand","embeddable":true,"href":"https:\/\/www.lacavedeslecteurs.com\/index.php\/wp-json\/wp\/v2\/product_brand?post=11282"},{"taxonomy":"product_cat","embeddable":true,"href":"https:\/\/www.lacavedeslecteurs.com\/index.php\/wp-json\/wp\/v2\/product_cat?post=11282"},{"taxonomy":"product_tag","embeddable":true,"href":"https:\/\/www.lacavedeslecteurs.com\/index.php\/wp-json\/wp\/v2\/product_tag?post=11282"}],"curies":[{"name":"wp","href":"https:\/\/api.w.org\/{rel}","templated":true}]}}