{"id":11286,"date":"2025-12-31T12:56:51","date_gmt":"2025-12-31T12:56:51","guid":{"rendered":"https:\/\/www.lacavedeslecteurs.com\/index.php\/product\/chateau-de-chamilly-les-bouchines\/"},"modified":"2026-02-13T15:09:38","modified_gmt":"2026-02-13T15:09:38","slug":"chateau-de-chamilly-les-bouchines","status":"publish","type":"product","link":"https:\/\/www.lacavedeslecteurs.com\/index.php\/product\/chateau-de-chamilly-les-bouchines\/","title":{"rendered":"Ch\u00e2teau de Chamilly Les Bouchines - 2020"},"content":{"rendered":"<p>C\u00e9page blanc autoris\u00e9 \u00e0 cotoyer le chardonnay en Bourgogne, l\u2019aligot\u00e9 de Bouzeron est m\u00e9sestim\u00e9 alors m\u00eame que, bien vinifi\u00e9, il d\u00e9livre fruit\u00e9, puret\u00e9, salinit\u00e9 et fin amertume.<\/p>\n","protected":false},"excerpt":{"rendered":"<p>C\u00e9page blanc autoris\u00e9 \u00e0 cotoyer le chardonnay en Bourgogne, l\u2019aligot\u00e9 de Bouzeron est m\u00e9sestim\u00e9 alors m\u00eame que, bien vinifi\u00e9, il d\u00e9livre fruit\u00e9, puret\u00e9, salinit\u00e9 et fin amertume.<\/p>\n","protected":false},"featured_media":16707,"comment_status":"open","ping_status":"closed","template":"","meta":[],"product_brand":[],"product_cat":[41,21,365,138],"product_tag":[],"class_list":{"0":"post-11286","1":"product","2":"type-product","3":"status-publish","4":"has-post-thumbnail","6":"product_cat-blanc","7":"product_cat-bourgogne","8":"product_cat-categorie","9":"product_cat-couleurs","11":"first","12":"instock","13":"sale","14":"taxable","15":"shipping-taxable","16":"purchasable","17":"product-type-simple"},"_links":{"self":[{"href":"https:\/\/www.lacavedeslecteurs.com\/index.php\/wp-json\/wp\/v2\/product\/11286","targetHints":{"allow":["GET"]}}],"collection":[{"href":"https:\/\/www.lacavedeslecteurs.com\/index.php\/wp-json\/wp\/v2\/product"}],"about":[{"href":"https:\/\/www.lacavedeslecteurs.com\/index.php\/wp-json\/wp\/v2\/types\/product"}],"replies":[{"embeddable":true,"href":"https:\/\/www.lacavedeslecteurs.com\/index.php\/wp-json\/wp\/v2\/comments?post=11286"}],"wp:featuredmedia":[{"embeddable":true,"href":"https:\/\/www.lacavedeslecteurs.com\/index.php\/wp-json\/wp\/v2\/media\/16707"}],"wp:attachment":[{"href":"https:\/\/www.lacavedeslecteurs.com\/index.php\/wp-json\/wp\/v2\/media?parent=11286"}],"wp:term":[{"taxonomy":"product_brand","embeddable":true,"href":"https:\/\/www.lacavedeslecteurs.com\/index.php\/wp-json\/wp\/v2\/product_brand?post=11286"},{"taxonomy":"product_cat","embeddable":true,"href":"https:\/\/www.lacavedeslecteurs.com\/index.php\/wp-json\/wp\/v2\/product_cat?post=11286"},{"taxonomy":"product_tag","embeddable":true,"href":"https:\/\/www.lacavedeslecteurs.com\/index.php\/wp-json\/wp\/v2\/product_tag?post=11286"}],"curies":[{"name":"wp","href":"https:\/\/api.w.org\/{rel}","templated":true}]}}