{"id":11290,"date":"2025-12-31T12:56:52","date_gmt":"2025-12-31T12:56:52","guid":{"rendered":"https:\/\/www.lacavedeslecteurs.com\/index.php\/product\/domaine-charly-nicolle-les-fourneaux\/"},"modified":"2026-02-13T15:09:42","modified_gmt":"2026-02-13T15:09:42","slug":"domaine-charly-nicolle-les-fourneaux","status":"publish","type":"product","link":"https:\/\/www.lacavedeslecteurs.com\/index.php\/product\/domaine-charly-nicolle-les-fourneaux\/","title":{"rendered":"Domaine Charly Nicolle Les Fourneaux - 2022"},"content":{"rendered":"<p>Terroir de nature argilo-calcaire, parsem\u00e9e de petits coquillages fossilis\u00e9s produisant des vins min\u00e9raux. Le climat \u00ab Les Fourneaux \u00bb en particulier voit na\u00eetre chaque ann\u00e9e des vins puissants et s\u00e9duisants.<\/p>\n","protected":false},"excerpt":{"rendered":"<p>Terroir de nature argilo-calcaire, parsem\u00e9e de petits coquillages fossilis\u00e9s produisant des vins min\u00e9raux. Le climat \u00ab Les Fourneaux \u00bb en particulier voit na\u00eetre chaque ann\u00e9e des vins puissants et s\u00e9duisants.<\/p>\n","protected":false},"featured_media":16709,"comment_status":"open","ping_status":"closed","template":"","meta":[],"product_brand":[],"product_cat":[41,21,365,138],"product_tag":[],"class_list":{"0":"post-11290","1":"product","2":"type-product","3":"status-publish","4":"has-post-thumbnail","6":"product_cat-blanc","7":"product_cat-bourgogne","8":"product_cat-categorie","9":"product_cat-couleurs","11":"first","12":"instock","13":"sale","14":"taxable","15":"shipping-taxable","16":"purchasable","17":"product-type-simple"},"_links":{"self":[{"href":"https:\/\/www.lacavedeslecteurs.com\/index.php\/wp-json\/wp\/v2\/product\/11290","targetHints":{"allow":["GET"]}}],"collection":[{"href":"https:\/\/www.lacavedeslecteurs.com\/index.php\/wp-json\/wp\/v2\/product"}],"about":[{"href":"https:\/\/www.lacavedeslecteurs.com\/index.php\/wp-json\/wp\/v2\/types\/product"}],"replies":[{"embeddable":true,"href":"https:\/\/www.lacavedeslecteurs.com\/index.php\/wp-json\/wp\/v2\/comments?post=11290"}],"wp:featuredmedia":[{"embeddable":true,"href":"https:\/\/www.lacavedeslecteurs.com\/index.php\/wp-json\/wp\/v2\/media\/16709"}],"wp:attachment":[{"href":"https:\/\/www.lacavedeslecteurs.com\/index.php\/wp-json\/wp\/v2\/media?parent=11290"}],"wp:term":[{"taxonomy":"product_brand","embeddable":true,"href":"https:\/\/www.lacavedeslecteurs.com\/index.php\/wp-json\/wp\/v2\/product_brand?post=11290"},{"taxonomy":"product_cat","embeddable":true,"href":"https:\/\/www.lacavedeslecteurs.com\/index.php\/wp-json\/wp\/v2\/product_cat?post=11290"},{"taxonomy":"product_tag","embeddable":true,"href":"https:\/\/www.lacavedeslecteurs.com\/index.php\/wp-json\/wp\/v2\/product_tag?post=11290"}],"curies":[{"name":"wp","href":"https:\/\/api.w.org\/{rel}","templated":true}]}}