{"id":11294,"date":"2025-12-31T12:56:54","date_gmt":"2025-12-31T12:56:54","guid":{"rendered":"https:\/\/www.lacavedeslecteurs.com\/index.php\/product\/domaine-du-vieux-telegraphe-piedlong\/"},"modified":"2026-02-13T15:36:18","modified_gmt":"2026-02-13T15:36:18","slug":"domaine-du-vieux-telegraphe-piedlong","status":"publish","type":"product","link":"https:\/\/www.lacavedeslecteurs.com\/index.php\/product\/domaine-du-vieux-telegraphe-piedlong\/","title":{"rendered":"Domaine Du Vieux T\u00e9l\u00e9graphe Piedlong - 2021"},"content":{"rendered":"<p>Le Vieux T\u00e9l\u00e9graphe est la cuv\u00e9e de prestige du Domaine, v\u00e9ritablement exquise. Riche, solaire, g\u00e9n\u00e9reux, promis \u00e0 une tr\u00e8s grande garde.<\/p>\n","protected":false},"excerpt":{"rendered":"<p>Le Vieux T\u00e9l\u00e9graphe est la cuv\u00e9e de prestige du Domaine, v\u00e9ritablement exquise. Riche, solaire, g\u00e9n\u00e9reux, promis \u00e0 une tr\u00e8s grande garde.<\/p>\n","protected":false},"featured_media":16941,"comment_status":"open","ping_status":"closed","template":"","meta":[],"product_brand":[],"product_cat":[365,138,66,27],"product_tag":[],"class_list":{"0":"post-11294","1":"product","2":"type-product","3":"status-publish","4":"has-post-thumbnail","6":"product_cat-categorie","7":"product_cat-couleurs","8":"product_cat-rhone","9":"product_cat-rouge","11":"first","12":"instock","13":"sale","14":"taxable","15":"shipping-taxable","16":"purchasable","17":"product-type-simple"},"_links":{"self":[{"href":"https:\/\/www.lacavedeslecteurs.com\/index.php\/wp-json\/wp\/v2\/product\/11294","targetHints":{"allow":["GET"]}}],"collection":[{"href":"https:\/\/www.lacavedeslecteurs.com\/index.php\/wp-json\/wp\/v2\/product"}],"about":[{"href":"https:\/\/www.lacavedeslecteurs.com\/index.php\/wp-json\/wp\/v2\/types\/product"}],"replies":[{"embeddable":true,"href":"https:\/\/www.lacavedeslecteurs.com\/index.php\/wp-json\/wp\/v2\/comments?post=11294"}],"wp:featuredmedia":[{"embeddable":true,"href":"https:\/\/www.lacavedeslecteurs.com\/index.php\/wp-json\/wp\/v2\/media\/16941"}],"wp:attachment":[{"href":"https:\/\/www.lacavedeslecteurs.com\/index.php\/wp-json\/wp\/v2\/media?parent=11294"}],"wp:term":[{"taxonomy":"product_brand","embeddable":true,"href":"https:\/\/www.lacavedeslecteurs.com\/index.php\/wp-json\/wp\/v2\/product_brand?post=11294"},{"taxonomy":"product_cat","embeddable":true,"href":"https:\/\/www.lacavedeslecteurs.com\/index.php\/wp-json\/wp\/v2\/product_cat?post=11294"},{"taxonomy":"product_tag","embeddable":true,"href":"https:\/\/www.lacavedeslecteurs.com\/index.php\/wp-json\/wp\/v2\/product_tag?post=11294"}],"curies":[{"name":"wp","href":"https:\/\/api.w.org\/{rel}","templated":true}]}}