{"id":11299,"date":"2025-12-31T12:56:57","date_gmt":"2025-12-31T12:56:57","guid":{"rendered":"https:\/\/www.lacavedeslecteurs.com\/index.php\/product\/domaine-bonnigal-bodet-les-beauvoirs\/"},"modified":"2026-02-13T15:04:10","modified_gmt":"2026-02-13T15:04:10","slug":"domaine-bonnigal-bodet-les-beauvoirs","status":"publish","type":"product","link":"https:\/\/www.lacavedeslecteurs.com\/index.php\/product\/domaine-bonnigal-bodet-les-beauvoirs\/","title":{"rendered":"Domaine Bonnigal-Bodet Les Beauvoirs - 2020"},"content":{"rendered":"<p>\u00ab Beauvoirs \u00bb m\u00eale avec \u00e9l\u00e9gance la vivacit\u00e9 de ses notes d&rsquo;agrumes \u00e0 la complexit\u00e9 de celles de fruits secs et de la pr\u00e9sence des sucres r\u00e9siduels. <\/p>\n","protected":false},"excerpt":{"rendered":"<p>\u00ab Beauvoirs \u00bb m\u00eale avec \u00e9l\u00e9gance la vivacit\u00e9 de ses notes d&rsquo;agrumes \u00e0 la complexit\u00e9 de celles de fruits secs et de la pr\u00e9sence des sucres r\u00e9siduels.<\/p>\n","protected":false},"featured_media":16557,"comment_status":"open","ping_status":"closed","template":"","meta":[],"product_brand":[],"product_cat":[53,41,365,138],"product_tag":[],"class_list":{"0":"post-11299","1":"product","2":"type-product","3":"status-publish","4":"has-post-thumbnail","6":"product_cat-autres-terroirs","7":"product_cat-blanc","8":"product_cat-categorie","9":"product_cat-couleurs","11":"first","12":"instock","13":"sale","14":"taxable","15":"shipping-taxable","16":"purchasable","17":"product-type-simple"},"_links":{"self":[{"href":"https:\/\/www.lacavedeslecteurs.com\/index.php\/wp-json\/wp\/v2\/product\/11299","targetHints":{"allow":["GET"]}}],"collection":[{"href":"https:\/\/www.lacavedeslecteurs.com\/index.php\/wp-json\/wp\/v2\/product"}],"about":[{"href":"https:\/\/www.lacavedeslecteurs.com\/index.php\/wp-json\/wp\/v2\/types\/product"}],"replies":[{"embeddable":true,"href":"https:\/\/www.lacavedeslecteurs.com\/index.php\/wp-json\/wp\/v2\/comments?post=11299"}],"wp:featuredmedia":[{"embeddable":true,"href":"https:\/\/www.lacavedeslecteurs.com\/index.php\/wp-json\/wp\/v2\/media\/16557"}],"wp:attachment":[{"href":"https:\/\/www.lacavedeslecteurs.com\/index.php\/wp-json\/wp\/v2\/media?parent=11299"}],"wp:term":[{"taxonomy":"product_brand","embeddable":true,"href":"https:\/\/www.lacavedeslecteurs.com\/index.php\/wp-json\/wp\/v2\/product_brand?post=11299"},{"taxonomy":"product_cat","embeddable":true,"href":"https:\/\/www.lacavedeslecteurs.com\/index.php\/wp-json\/wp\/v2\/product_cat?post=11299"},{"taxonomy":"product_tag","embeddable":true,"href":"https:\/\/www.lacavedeslecteurs.com\/index.php\/wp-json\/wp\/v2\/product_tag?post=11299"}],"curies":[{"name":"wp","href":"https:\/\/api.w.org\/{rel}","templated":true}]}}