{"id":11303,"date":"2025-12-31T12:56:58","date_gmt":"2025-12-31T12:56:58","guid":{"rendered":"https:\/\/www.lacavedeslecteurs.com\/index.php\/product\/domaine-william-fevre\/"},"modified":"2026-02-13T15:09:53","modified_gmt":"2026-02-13T15:09:53","slug":"domaine-william-fevre","status":"publish","type":"product","link":"https:\/\/www.lacavedeslecteurs.com\/index.php\/product\/domaine-william-fevre\/","title":{"rendered":"Domaine William F\u00e8vre - 2020"},"content":{"rendered":"<p>Ce domaine, implant\u00e9 depuis plus de 250 ans \u00e0 Chablis, est aujourd\u2019hui l\u2019un des plus prestigieux vignobles avec 78 ha dont 15,9 class\u00e9s en Premier Cru et 15,2 en Grand Cru. Ce Chablis est d\u00e9licieux, si bien maitris\u00e9 !<\/p>\n","protected":false},"excerpt":{"rendered":"<p>Ce domaine, implant\u00e9 depuis plus de 250 ans \u00e0 Chablis, est aujourd\u2019hui l\u2019un des plus prestigieux vignobles avec 78 ha dont 15,9 class\u00e9s en Premier Cru et 15,2 en Grand Cru. Ce Chablis est d\u00e9licieux, si bien maitris\u00e9 !<\/p>\n","protected":false},"featured_media":16714,"comment_status":"open","ping_status":"closed","template":"","meta":[],"product_brand":[],"product_cat":[41,21,365,138],"product_tag":[],"class_list":{"0":"post-11303","1":"product","2":"type-product","3":"status-publish","4":"has-post-thumbnail","6":"product_cat-blanc","7":"product_cat-bourgogne","8":"product_cat-categorie","9":"product_cat-couleurs","11":"first","12":"instock","13":"sale","14":"taxable","15":"shipping-taxable","16":"purchasable","17":"product-type-simple"},"_links":{"self":[{"href":"https:\/\/www.lacavedeslecteurs.com\/index.php\/wp-json\/wp\/v2\/product\/11303","targetHints":{"allow":["GET"]}}],"collection":[{"href":"https:\/\/www.lacavedeslecteurs.com\/index.php\/wp-json\/wp\/v2\/product"}],"about":[{"href":"https:\/\/www.lacavedeslecteurs.com\/index.php\/wp-json\/wp\/v2\/types\/product"}],"replies":[{"embeddable":true,"href":"https:\/\/www.lacavedeslecteurs.com\/index.php\/wp-json\/wp\/v2\/comments?post=11303"}],"wp:featuredmedia":[{"embeddable":true,"href":"https:\/\/www.lacavedeslecteurs.com\/index.php\/wp-json\/wp\/v2\/media\/16714"}],"wp:attachment":[{"href":"https:\/\/www.lacavedeslecteurs.com\/index.php\/wp-json\/wp\/v2\/media?parent=11303"}],"wp:term":[{"taxonomy":"product_brand","embeddable":true,"href":"https:\/\/www.lacavedeslecteurs.com\/index.php\/wp-json\/wp\/v2\/product_brand?post=11303"},{"taxonomy":"product_cat","embeddable":true,"href":"https:\/\/www.lacavedeslecteurs.com\/index.php\/wp-json\/wp\/v2\/product_cat?post=11303"},{"taxonomy":"product_tag","embeddable":true,"href":"https:\/\/www.lacavedeslecteurs.com\/index.php\/wp-json\/wp\/v2\/product_tag?post=11303"}],"curies":[{"name":"wp","href":"https:\/\/api.w.org\/{rel}","templated":true}]}}