{"id":11305,"date":"2025-12-31T12:57:00","date_gmt":"2025-12-31T12:57:00","guid":{"rendered":"https:\/\/www.lacavedeslecteurs.com\/index.php\/product\/domaine-jean-paul-benoit-droin\/"},"modified":"2026-02-13T15:09:57","modified_gmt":"2026-02-13T15:09:57","slug":"domaine-jean-paul-benoit-droin","status":"publish","type":"product","link":"https:\/\/www.lacavedeslecteurs.com\/index.php\/product\/domaine-jean-paul-benoit-droin\/","title":{"rendered":"Domaine Jean Paul &#038; Benoit Droin - 2022"},"content":{"rendered":"<p>Domaine historique qui remonte \u00e0 la fin du Moyen-\u00c2ge. Le Chablis est produit sur des sols g\u00e9n\u00e9ralement peu profonds de marnes du kimmeridgien tr\u00e8s riches en petites hu\u00eetres. Dans les 3 premi\u00e8res ann\u00e9es, le vin se montre g\u00e9n\u00e9reux et vif avec des notes de citron, de coquille d\u2019hu\u00eetre et de silex.<\/p>\n","protected":false},"excerpt":{"rendered":"<p>Domaine historique qui remonte \u00e0 la fin du Moyen-\u00c2ge. Le Chablis est produit sur des sols g\u00e9n\u00e9ralement peu profonds de marnes du kimmeridgien tr\u00e8s riches en petites hu\u00eetres. Dans les 3 premi\u00e8res ann\u00e9es, le vin se montre g\u00e9n\u00e9reux et vif avec des notes de citron, de coquille d\u2019hu\u00eetre et de silex.<\/p>\n","protected":false},"featured_media":16715,"comment_status":"open","ping_status":"closed","template":"","meta":[],"product_brand":[],"product_cat":[41,21,365,138],"product_tag":[],"class_list":{"0":"post-11305","1":"product","2":"type-product","3":"status-publish","4":"has-post-thumbnail","6":"product_cat-blanc","7":"product_cat-bourgogne","8":"product_cat-categorie","9":"product_cat-couleurs","11":"first","12":"instock","13":"sale","14":"taxable","15":"shipping-taxable","16":"purchasable","17":"product-type-simple"},"_links":{"self":[{"href":"https:\/\/www.lacavedeslecteurs.com\/index.php\/wp-json\/wp\/v2\/product\/11305","targetHints":{"allow":["GET"]}}],"collection":[{"href":"https:\/\/www.lacavedeslecteurs.com\/index.php\/wp-json\/wp\/v2\/product"}],"about":[{"href":"https:\/\/www.lacavedeslecteurs.com\/index.php\/wp-json\/wp\/v2\/types\/product"}],"replies":[{"embeddable":true,"href":"https:\/\/www.lacavedeslecteurs.com\/index.php\/wp-json\/wp\/v2\/comments?post=11305"}],"wp:featuredmedia":[{"embeddable":true,"href":"https:\/\/www.lacavedeslecteurs.com\/index.php\/wp-json\/wp\/v2\/media\/16715"}],"wp:attachment":[{"href":"https:\/\/www.lacavedeslecteurs.com\/index.php\/wp-json\/wp\/v2\/media?parent=11305"}],"wp:term":[{"taxonomy":"product_brand","embeddable":true,"href":"https:\/\/www.lacavedeslecteurs.com\/index.php\/wp-json\/wp\/v2\/product_brand?post=11305"},{"taxonomy":"product_cat","embeddable":true,"href":"https:\/\/www.lacavedeslecteurs.com\/index.php\/wp-json\/wp\/v2\/product_cat?post=11305"},{"taxonomy":"product_tag","embeddable":true,"href":"https:\/\/www.lacavedeslecteurs.com\/index.php\/wp-json\/wp\/v2\/product_tag?post=11305"}],"curies":[{"name":"wp","href":"https:\/\/api.w.org\/{rel}","templated":true}]}}