{"id":11309,"date":"2025-12-31T12:57:02","date_gmt":"2025-12-31T12:57:02","guid":{"rendered":"https:\/\/www.lacavedeslecteurs.com\/index.php\/product\/domaine-gautheron\/"},"modified":"2026-02-13T15:10:02","modified_gmt":"2026-02-13T15:10:02","slug":"domaine-gautheron","status":"publish","type":"product","link":"https:\/\/www.lacavedeslecteurs.com\/index.php\/product\/domaine-gautheron\/","title":{"rendered":"Domaine Gautheron - 2022"},"content":{"rendered":"<p>On retrouve dans les vins de Cyril Gautheron l&#8217;empreinte crayeuse du terroir kimmeridgien si typique de l&rsquo;appellation. Son Chablis, avec son acidit\u00e9 bien ma\u00eetris\u00e9e, est droit comme un \u00ab\u00a0i\u00a0\u00bb et appelle une bourriche d&rsquo;hu\u00eetres.<\/p>\n","protected":false},"excerpt":{"rendered":"<p>On retrouve dans les vins de Cyril Gautheron l&#8217;empreinte crayeuse du terroir kimmeridgien si typique de l&rsquo;appellation. Son Chablis, avec son acidit\u00e9 bien ma\u00eetris\u00e9e, est droit comme un \u00ab\u00a0i\u00a0\u00bb et appelle une bourriche d&rsquo;hu\u00eetres.<\/p>\n","protected":false},"featured_media":16717,"comment_status":"open","ping_status":"closed","template":"","meta":[],"product_brand":[],"product_cat":[41,21,365,138],"product_tag":[],"class_list":{"0":"post-11309","1":"product","2":"type-product","3":"status-publish","4":"has-post-thumbnail","6":"product_cat-blanc","7":"product_cat-bourgogne","8":"product_cat-categorie","9":"product_cat-couleurs","11":"first","12":"instock","13":"sale","14":"taxable","15":"shipping-taxable","16":"purchasable","17":"product-type-simple"},"_links":{"self":[{"href":"https:\/\/www.lacavedeslecteurs.com\/index.php\/wp-json\/wp\/v2\/product\/11309","targetHints":{"allow":["GET"]}}],"collection":[{"href":"https:\/\/www.lacavedeslecteurs.com\/index.php\/wp-json\/wp\/v2\/product"}],"about":[{"href":"https:\/\/www.lacavedeslecteurs.com\/index.php\/wp-json\/wp\/v2\/types\/product"}],"replies":[{"embeddable":true,"href":"https:\/\/www.lacavedeslecteurs.com\/index.php\/wp-json\/wp\/v2\/comments?post=11309"}],"wp:featuredmedia":[{"embeddable":true,"href":"https:\/\/www.lacavedeslecteurs.com\/index.php\/wp-json\/wp\/v2\/media\/16717"}],"wp:attachment":[{"href":"https:\/\/www.lacavedeslecteurs.com\/index.php\/wp-json\/wp\/v2\/media?parent=11309"}],"wp:term":[{"taxonomy":"product_brand","embeddable":true,"href":"https:\/\/www.lacavedeslecteurs.com\/index.php\/wp-json\/wp\/v2\/product_brand?post=11309"},{"taxonomy":"product_cat","embeddable":true,"href":"https:\/\/www.lacavedeslecteurs.com\/index.php\/wp-json\/wp\/v2\/product_cat?post=11309"},{"taxonomy":"product_tag","embeddable":true,"href":"https:\/\/www.lacavedeslecteurs.com\/index.php\/wp-json\/wp\/v2\/product_tag?post=11309"}],"curies":[{"name":"wp","href":"https:\/\/api.w.org\/{rel}","templated":true}]}}