{"id":11323,"date":"2025-12-31T12:57:18","date_gmt":"2025-12-31T12:57:18","guid":{"rendered":"https:\/\/www.lacavedeslecteurs.com\/index.php\/product\/domaine-gerard-raphet\/"},"modified":"2026-02-13T15:10:22","modified_gmt":"2026-02-13T15:10:22","slug":"domaine-gerard-raphet","status":"publish","type":"product","link":"https:\/\/www.lacavedeslecteurs.com\/index.php\/product\/domaine-gerard-raphet\/","title":{"rendered":"Domaine G\u00e9rard Raphet - 2018"},"content":{"rendered":"<p>Ce Charmes-Chambertin Grand Cru du domaine Raphet offre une robe aux couleurs rubis. Les ar\u00f4mes exhalent de la framboise, du cassis, de la groseille ainsi que le noyau de cerise et la r\u00e9glisse. Au palais, ce vin est rond, complexe avec une bonne persistance qui m\u00e9rite qu\u2019on le laisse encore une dizaine d\u2019ann\u00e9es en cave. <\/p>\n","protected":false},"excerpt":{"rendered":"<p>Ce Charmes-Chambertin Grand Cru du domaine Raphet offre une robe aux couleurs rubis. Les ar\u00f4mes exhalent de la framboise, du cassis, de la groseille ainsi que le noyau de cerise et la r\u00e9glisse. Au palais, ce vin est rond, complexe avec une bonne persistance qui m\u00e9rite qu\u2019on le laisse encore une dizaine d\u2019ann\u00e9es en cave.<\/p>\n","protected":false},"featured_media":16724,"comment_status":"open","ping_status":"closed","template":"","meta":[],"product_brand":[],"product_cat":[21,365,138,27],"product_tag":[],"class_list":{"0":"post-11323","1":"product","2":"type-product","3":"status-publish","4":"has-post-thumbnail","6":"product_cat-bourgogne","7":"product_cat-categorie","8":"product_cat-couleurs","9":"product_cat-rouge","11":"first","12":"instock","13":"sale","14":"taxable","15":"shipping-taxable","16":"purchasable","17":"product-type-simple"},"_links":{"self":[{"href":"https:\/\/www.lacavedeslecteurs.com\/index.php\/wp-json\/wp\/v2\/product\/11323","targetHints":{"allow":["GET"]}}],"collection":[{"href":"https:\/\/www.lacavedeslecteurs.com\/index.php\/wp-json\/wp\/v2\/product"}],"about":[{"href":"https:\/\/www.lacavedeslecteurs.com\/index.php\/wp-json\/wp\/v2\/types\/product"}],"replies":[{"embeddable":true,"href":"https:\/\/www.lacavedeslecteurs.com\/index.php\/wp-json\/wp\/v2\/comments?post=11323"}],"wp:featuredmedia":[{"embeddable":true,"href":"https:\/\/www.lacavedeslecteurs.com\/index.php\/wp-json\/wp\/v2\/media\/16724"}],"wp:attachment":[{"href":"https:\/\/www.lacavedeslecteurs.com\/index.php\/wp-json\/wp\/v2\/media?parent=11323"}],"wp:term":[{"taxonomy":"product_brand","embeddable":true,"href":"https:\/\/www.lacavedeslecteurs.com\/index.php\/wp-json\/wp\/v2\/product_brand?post=11323"},{"taxonomy":"product_cat","embeddable":true,"href":"https:\/\/www.lacavedeslecteurs.com\/index.php\/wp-json\/wp\/v2\/product_cat?post=11323"},{"taxonomy":"product_tag","embeddable":true,"href":"https:\/\/www.lacavedeslecteurs.com\/index.php\/wp-json\/wp\/v2\/product_tag?post=11323"}],"curies":[{"name":"wp","href":"https:\/\/api.w.org\/{rel}","templated":true}]}}