{"id":11327,"date":"2025-12-31T12:57:20","date_gmt":"2025-12-31T12:57:20","guid":{"rendered":"https:\/\/www.lacavedeslecteurs.com\/index.php\/product\/domaine-michel-niellon-clos-saint-jean\/"},"modified":"2026-02-13T15:10:26","modified_gmt":"2026-02-13T15:10:26","slug":"domaine-michel-niellon-clos-saint-jean","status":"publish","type":"product","link":"https:\/\/www.lacavedeslecteurs.com\/index.php\/product\/domaine-michel-niellon-clos-saint-jean\/","title":{"rendered":"Domaine Michel Niellon Clos Saint-Jean - 2020"},"content":{"rendered":"<p>Ce cru dispose d&rsquo;une superbe fougue qui peut le rapprocher des grands crus. Ses ar\u00f4mes intenses de pierre froide, de min\u00e9raux, d&rsquo;herbes fra\u00eechement coup\u00e9es et de fruits jaunes et blancs le pr\u00e9destine sans grande surprise \u00e0 accompagner des mets de caract\u00e8re.<\/p>\n","protected":false},"excerpt":{"rendered":"<p>Ce cru dispose d&rsquo;une superbe fougue qui peut le rapprocher des grands crus. Ses ar\u00f4mes intenses de pierre froide, de min\u00e9raux, d&rsquo;herbes fra\u00eechement coup\u00e9es et de fruits jaunes et blancs le pr\u00e9destine sans grande surprise \u00e0 accompagner des mets de caract\u00e8re.<\/p>\n","protected":false},"featured_media":16726,"comment_status":"open","ping_status":"closed","template":"","meta":[],"product_brand":[],"product_cat":[41,21,365,138],"product_tag":[],"class_list":{"0":"post-11327","1":"product","2":"type-product","3":"status-publish","4":"has-post-thumbnail","6":"product_cat-blanc","7":"product_cat-bourgogne","8":"product_cat-categorie","9":"product_cat-couleurs","11":"first","12":"instock","13":"sale","14":"taxable","15":"shipping-taxable","16":"purchasable","17":"product-type-simple"},"_links":{"self":[{"href":"https:\/\/www.lacavedeslecteurs.com\/index.php\/wp-json\/wp\/v2\/product\/11327","targetHints":{"allow":["GET"]}}],"collection":[{"href":"https:\/\/www.lacavedeslecteurs.com\/index.php\/wp-json\/wp\/v2\/product"}],"about":[{"href":"https:\/\/www.lacavedeslecteurs.com\/index.php\/wp-json\/wp\/v2\/types\/product"}],"replies":[{"embeddable":true,"href":"https:\/\/www.lacavedeslecteurs.com\/index.php\/wp-json\/wp\/v2\/comments?post=11327"}],"wp:featuredmedia":[{"embeddable":true,"href":"https:\/\/www.lacavedeslecteurs.com\/index.php\/wp-json\/wp\/v2\/media\/16726"}],"wp:attachment":[{"href":"https:\/\/www.lacavedeslecteurs.com\/index.php\/wp-json\/wp\/v2\/media?parent=11327"}],"wp:term":[{"taxonomy":"product_brand","embeddable":true,"href":"https:\/\/www.lacavedeslecteurs.com\/index.php\/wp-json\/wp\/v2\/product_brand?post=11327"},{"taxonomy":"product_cat","embeddable":true,"href":"https:\/\/www.lacavedeslecteurs.com\/index.php\/wp-json\/wp\/v2\/product_cat?post=11327"},{"taxonomy":"product_tag","embeddable":true,"href":"https:\/\/www.lacavedeslecteurs.com\/index.php\/wp-json\/wp\/v2\/product_tag?post=11327"}],"curies":[{"name":"wp","href":"https:\/\/api.w.org\/{rel}","templated":true}]}}