{"id":11329,"date":"2025-12-31T12:57:23","date_gmt":"2025-12-31T12:57:23","guid":{"rendered":"https:\/\/www.lacavedeslecteurs.com\/index.php\/product\/chateau-de-pommard-morgeot\/"},"modified":"2026-02-13T15:10:28","modified_gmt":"2026-02-13T15:10:28","slug":"chateau-de-pommard-morgeot","status":"publish","type":"product","link":"https:\/\/www.lacavedeslecteurs.com\/index.php\/product\/chateau-de-pommard-morgeot\/","title":{"rendered":"Ch\u00e2teau de Pommard Morgeot - 2019"},"content":{"rendered":"<p>Un vin blanc qui jouit d&rsquo;un terroir riche en argile et en calcaire. L&rsquo;exposition sud-est au c\u0153ur de la C\u00f4te-de-Beaune donne naissance \u00e0 un Pinot Noir complexe et charpent\u00e9.<\/p>\n","protected":false},"excerpt":{"rendered":"<p>Un vin blanc qui jouit d&rsquo;un terroir riche en argile et en calcaire. L&rsquo;exposition sud-est au c\u0153ur de la C\u00f4te-de-Beaune donne naissance \u00e0 un Pinot Noir complexe et charpent\u00e9.<\/p>\n","protected":false},"featured_media":16727,"comment_status":"open","ping_status":"closed","template":"","meta":[],"product_brand":[],"product_cat":[41,21,365,138],"product_tag":[],"class_list":{"0":"post-11329","1":"product","2":"type-product","3":"status-publish","4":"has-post-thumbnail","6":"product_cat-blanc","7":"product_cat-bourgogne","8":"product_cat-categorie","9":"product_cat-couleurs","11":"first","12":"instock","13":"sale","14":"taxable","15":"shipping-taxable","16":"purchasable","17":"product-type-simple"},"_links":{"self":[{"href":"https:\/\/www.lacavedeslecteurs.com\/index.php\/wp-json\/wp\/v2\/product\/11329","targetHints":{"allow":["GET"]}}],"collection":[{"href":"https:\/\/www.lacavedeslecteurs.com\/index.php\/wp-json\/wp\/v2\/product"}],"about":[{"href":"https:\/\/www.lacavedeslecteurs.com\/index.php\/wp-json\/wp\/v2\/types\/product"}],"replies":[{"embeddable":true,"href":"https:\/\/www.lacavedeslecteurs.com\/index.php\/wp-json\/wp\/v2\/comments?post=11329"}],"wp:featuredmedia":[{"embeddable":true,"href":"https:\/\/www.lacavedeslecteurs.com\/index.php\/wp-json\/wp\/v2\/media\/16727"}],"wp:attachment":[{"href":"https:\/\/www.lacavedeslecteurs.com\/index.php\/wp-json\/wp\/v2\/media?parent=11329"}],"wp:term":[{"taxonomy":"product_brand","embeddable":true,"href":"https:\/\/www.lacavedeslecteurs.com\/index.php\/wp-json\/wp\/v2\/product_brand?post=11329"},{"taxonomy":"product_cat","embeddable":true,"href":"https:\/\/www.lacavedeslecteurs.com\/index.php\/wp-json\/wp\/v2\/product_cat?post=11329"},{"taxonomy":"product_tag","embeddable":true,"href":"https:\/\/www.lacavedeslecteurs.com\/index.php\/wp-json\/wp\/v2\/product_tag?post=11329"}],"curies":[{"name":"wp","href":"https:\/\/api.w.org\/{rel}","templated":true}]}}