{"id":11331,"date":"2025-12-31T12:57:24","date_gmt":"2025-12-31T12:57:24","guid":{"rendered":"https:\/\/www.lacavedeslecteurs.com\/index.php\/product\/domaine-jean-noel-gagnard-lestimee\/"},"modified":"2026-02-13T15:10:30","modified_gmt":"2026-02-13T15:10:30","slug":"domaine-jean-noel-gagnard-lestimee","status":"publish","type":"product","link":"https:\/\/www.lacavedeslecteurs.com\/index.php\/product\/domaine-jean-noel-gagnard-lestimee\/","title":{"rendered":"Domaine Jean-No\u00ebl Gagnard L&rsquo;Estim\u00e9e - 2019"},"content":{"rendered":"<p>Le domaine Jean-No\u00ebl Gagnard compte aujourd\u2019hui 14,5 ha \u00e0 Chassagne-Montrachet, Santenay et C\u00f4te-de-Beaune. Caroline Lestim\u00e9 tient les r\u00eanes avec rigueur et talent. Le domaine pr\u00e9sente des vins complets, riches, intenses, vibrants, propres \u00e0 leur terroir et qui expriment leur meilleur profil apr\u00e8s quelques ann\u00e9es.<\/p>\n","protected":false},"excerpt":{"rendered":"<p>Le domaine Jean-No\u00ebl Gagnard compte aujourd\u2019hui 14,5 ha \u00e0 Chassagne-Montrachet, Santenay et C\u00f4te-de-Beaune. Caroline Lestim\u00e9 tient les r\u00eanes avec rigueur et talent. Le domaine pr\u00e9sente des vins complets, riches, intenses, vibrants, propres \u00e0 leur terroir et qui expriment leur meilleur profil apr\u00e8s quelques ann\u00e9es.<\/p>\n","protected":false},"featured_media":16728,"comment_status":"open","ping_status":"closed","template":"","meta":[],"product_brand":[],"product_cat":[21,365,138,27],"product_tag":[],"class_list":{"0":"post-11331","1":"product","2":"type-product","3":"status-publish","4":"has-post-thumbnail","6":"product_cat-bourgogne","7":"product_cat-categorie","8":"product_cat-couleurs","9":"product_cat-rouge","11":"first","12":"instock","13":"sale","14":"taxable","15":"shipping-taxable","16":"purchasable","17":"product-type-simple"},"_links":{"self":[{"href":"https:\/\/www.lacavedeslecteurs.com\/index.php\/wp-json\/wp\/v2\/product\/11331","targetHints":{"allow":["GET"]}}],"collection":[{"href":"https:\/\/www.lacavedeslecteurs.com\/index.php\/wp-json\/wp\/v2\/product"}],"about":[{"href":"https:\/\/www.lacavedeslecteurs.com\/index.php\/wp-json\/wp\/v2\/types\/product"}],"replies":[{"embeddable":true,"href":"https:\/\/www.lacavedeslecteurs.com\/index.php\/wp-json\/wp\/v2\/comments?post=11331"}],"wp:featuredmedia":[{"embeddable":true,"href":"https:\/\/www.lacavedeslecteurs.com\/index.php\/wp-json\/wp\/v2\/media\/16728"}],"wp:attachment":[{"href":"https:\/\/www.lacavedeslecteurs.com\/index.php\/wp-json\/wp\/v2\/media?parent=11331"}],"wp:term":[{"taxonomy":"product_brand","embeddable":true,"href":"https:\/\/www.lacavedeslecteurs.com\/index.php\/wp-json\/wp\/v2\/product_brand?post=11331"},{"taxonomy":"product_cat","embeddable":true,"href":"https:\/\/www.lacavedeslecteurs.com\/index.php\/wp-json\/wp\/v2\/product_cat?post=11331"},{"taxonomy":"product_tag","embeddable":true,"href":"https:\/\/www.lacavedeslecteurs.com\/index.php\/wp-json\/wp\/v2\/product_tag?post=11331"}],"curies":[{"name":"wp","href":"https:\/\/api.w.org\/{rel}","templated":true}]}}