{"id":11338,"date":"2025-12-31T12:57:26","date_gmt":"2025-12-31T12:57:26","guid":{"rendered":"https:\/\/www.lacavedeslecteurs.com\/index.php\/product\/maison-bouchard-pere-et-fils\/"},"modified":"2026-02-13T15:10:38","modified_gmt":"2026-02-13T15:10:38","slug":"maison-bouchard-pere-et-fils","status":"publish","type":"product","link":"https:\/\/www.lacavedeslecteurs.com\/index.php\/product\/maison-bouchard-pere-et-fils\/","title":{"rendered":"Maison Bouchard P\u00e8re et Fils - 2014"},"content":{"rendered":"<p>Un grand vin, tr\u00e8s bien not\u00e9 par les critiques et taill\u00e9 pour de tr\u00e8s longues gardes. Il est l&rsquo;\u00e9l\u00e9gance m\u00eame, car complexe mais compr\u00e9hensible et sans lourdeur, riche, tendre et dense.<\/p>\n","protected":false},"excerpt":{"rendered":"<p>Un grand vin, tr\u00e8s bien not\u00e9 par les critiques et taill\u00e9 pour de tr\u00e8s longues gardes. Il est l&rsquo;\u00e9l\u00e9gance m\u00eame, car complexe mais compr\u00e9hensible et sans lourdeur, riche, tendre et dense.<\/p>\n","protected":false},"featured_media":16731,"comment_status":"open","ping_status":"closed","template":"","meta":[],"product_brand":[],"product_cat":[41,21,365,138],"product_tag":[],"class_list":{"0":"post-11338","1":"product","2":"type-product","3":"status-publish","4":"has-post-thumbnail","6":"product_cat-blanc","7":"product_cat-bourgogne","8":"product_cat-categorie","9":"product_cat-couleurs","11":"first","12":"instock","13":"sale","14":"taxable","15":"shipping-taxable","16":"purchasable","17":"product-type-simple"},"_links":{"self":[{"href":"https:\/\/www.lacavedeslecteurs.com\/index.php\/wp-json\/wp\/v2\/product\/11338","targetHints":{"allow":["GET"]}}],"collection":[{"href":"https:\/\/www.lacavedeslecteurs.com\/index.php\/wp-json\/wp\/v2\/product"}],"about":[{"href":"https:\/\/www.lacavedeslecteurs.com\/index.php\/wp-json\/wp\/v2\/types\/product"}],"replies":[{"embeddable":true,"href":"https:\/\/www.lacavedeslecteurs.com\/index.php\/wp-json\/wp\/v2\/comments?post=11338"}],"wp:featuredmedia":[{"embeddable":true,"href":"https:\/\/www.lacavedeslecteurs.com\/index.php\/wp-json\/wp\/v2\/media\/16731"}],"wp:attachment":[{"href":"https:\/\/www.lacavedeslecteurs.com\/index.php\/wp-json\/wp\/v2\/media?parent=11338"}],"wp:term":[{"taxonomy":"product_brand","embeddable":true,"href":"https:\/\/www.lacavedeslecteurs.com\/index.php\/wp-json\/wp\/v2\/product_brand?post=11338"},{"taxonomy":"product_cat","embeddable":true,"href":"https:\/\/www.lacavedeslecteurs.com\/index.php\/wp-json\/wp\/v2\/product_cat?post=11338"},{"taxonomy":"product_tag","embeddable":true,"href":"https:\/\/www.lacavedeslecteurs.com\/index.php\/wp-json\/wp\/v2\/product_tag?post=11338"}],"curies":[{"name":"wp","href":"https:\/\/api.w.org\/{rel}","templated":true}]}}