{"id":11340,"date":"2025-12-31T12:57:29","date_gmt":"2025-12-31T12:57:29","guid":{"rendered":"https:\/\/www.lacavedeslecteurs.com\/index.php\/product\/chateau-leoube-secrets-rouge\/"},"modified":"2026-02-13T15:40:45","modified_gmt":"2026-02-13T15:40:45","slug":"chateau-leoube-secrets-rouge","status":"publish","type":"product","link":"https:\/\/www.lacavedeslecteurs.com\/index.php\/product\/chateau-leoube-secrets-rouge\/","title":{"rendered":"Ch\u00e2teau L\u00e9oube Secrets Rouge - 2018"},"content":{"rendered":"<p>Pionnier du vin biologique en Provence, c\u2019est \u00e0 quelques kilom\u00e8tres de Saint Tropez que le domaine L\u00e9oube puise ses origines, capte les senteurs et cultive son savoir-faire. Compos\u00e9 \u00e0 majorit\u00e9 de Syrah, c\u2019est un vin frais, fruit\u00e9 et fabuleusement digeste. Un coup de c\u0153ur MONCAVISTE<\/p>\n","protected":false},"excerpt":{"rendered":"<p>Pionnier du vin biologique en Provence, c\u2019est \u00e0 quelques kilom\u00e8tres de Saint Tropez que le domaine L\u00e9oube puise ses origines, capte les senteurs et cultive son savoir-faire. Compos\u00e9 \u00e0 majorit\u00e9 de Syrah, c\u2019est un vin frais, fruit\u00e9 et fabuleusement digeste. Un coup de c\u0153ur MONCAVISTE<\/p>\n","protected":false},"featured_media":17078,"comment_status":"open","ping_status":"closed","template":"","meta":[],"product_brand":[],"product_cat":[365,138,27,54],"product_tag":[],"class_list":{"0":"post-11340","1":"product","2":"type-product","3":"status-publish","4":"has-post-thumbnail","6":"product_cat-categorie","7":"product_cat-couleurs","8":"product_cat-rouge","9":"product_cat-vins-du-sud","11":"first","12":"instock","13":"sale","14":"taxable","15":"shipping-taxable","16":"purchasable","17":"product-type-simple"},"_links":{"self":[{"href":"https:\/\/www.lacavedeslecteurs.com\/index.php\/wp-json\/wp\/v2\/product\/11340","targetHints":{"allow":["GET"]}}],"collection":[{"href":"https:\/\/www.lacavedeslecteurs.com\/index.php\/wp-json\/wp\/v2\/product"}],"about":[{"href":"https:\/\/www.lacavedeslecteurs.com\/index.php\/wp-json\/wp\/v2\/types\/product"}],"replies":[{"embeddable":true,"href":"https:\/\/www.lacavedeslecteurs.com\/index.php\/wp-json\/wp\/v2\/comments?post=11340"}],"wp:featuredmedia":[{"embeddable":true,"href":"https:\/\/www.lacavedeslecteurs.com\/index.php\/wp-json\/wp\/v2\/media\/17078"}],"wp:attachment":[{"href":"https:\/\/www.lacavedeslecteurs.com\/index.php\/wp-json\/wp\/v2\/media?parent=11340"}],"wp:term":[{"taxonomy":"product_brand","embeddable":true,"href":"https:\/\/www.lacavedeslecteurs.com\/index.php\/wp-json\/wp\/v2\/product_brand?post=11340"},{"taxonomy":"product_cat","embeddable":true,"href":"https:\/\/www.lacavedeslecteurs.com\/index.php\/wp-json\/wp\/v2\/product_cat?post=11340"},{"taxonomy":"product_tag","embeddable":true,"href":"https:\/\/www.lacavedeslecteurs.com\/index.php\/wp-json\/wp\/v2\/product_tag?post=11340"}],"curies":[{"name":"wp","href":"https:\/\/api.w.org\/{rel}","templated":true}]}}