{"id":11343,"date":"2025-12-31T12:57:31","date_gmt":"2025-12-31T12:57:31","guid":{"rendered":"https:\/\/www.lacavedeslecteurs.com\/index.php\/product\/domaine-de-la-pousse-dor-clos-du-roi\/"},"modified":"2026-02-13T15:10:43","modified_gmt":"2026-02-13T15:10:43","slug":"domaine-de-la-pousse-dor-clos-du-roi","status":"publish","type":"product","link":"https:\/\/www.lacavedeslecteurs.com\/index.php\/product\/domaine-de-la-pousse-dor-clos-du-roi\/","title":{"rendered":"Domaine de La Pousse d&rsquo;Or Clos Du Roi - 2020"},"content":{"rendered":"<p>La carte de l\u2019\u00e9l\u00e9gance et de la finesse. Nez tr\u00e8s raffin\u00e9 autour de la griotte, les \u00e9pices douces et des notes de poivre blanc. \u00c0 l\u2019\u00e9volution, les notes musqu\u00e9es et le d\u00e9licat bois\u00e9 complexifient l\u2019ensemble avec un formidable \u00e9clat. <\/p>\n","protected":false},"excerpt":{"rendered":"<p>La carte de l\u2019\u00e9l\u00e9gance et de la finesse. Nez tr\u00e8s raffin\u00e9 autour de la griotte, les \u00e9pices douces et des notes de poivre blanc. \u00c0 l\u2019\u00e9volution, les notes musqu\u00e9es et le d\u00e9licat bois\u00e9 complexifient l\u2019ensemble avec un formidable \u00e9clat.<\/p>\n","protected":false},"featured_media":16733,"comment_status":"open","ping_status":"closed","template":"","meta":[],"product_brand":[],"product_cat":[21,365,138,27],"product_tag":[],"class_list":{"0":"post-11343","1":"product","2":"type-product","3":"status-publish","4":"has-post-thumbnail","6":"product_cat-bourgogne","7":"product_cat-categorie","8":"product_cat-couleurs","9":"product_cat-rouge","11":"first","12":"instock","13":"sale","14":"taxable","15":"shipping-taxable","16":"purchasable","17":"product-type-simple"},"_links":{"self":[{"href":"https:\/\/www.lacavedeslecteurs.com\/index.php\/wp-json\/wp\/v2\/product\/11343","targetHints":{"allow":["GET"]}}],"collection":[{"href":"https:\/\/www.lacavedeslecteurs.com\/index.php\/wp-json\/wp\/v2\/product"}],"about":[{"href":"https:\/\/www.lacavedeslecteurs.com\/index.php\/wp-json\/wp\/v2\/types\/product"}],"replies":[{"embeddable":true,"href":"https:\/\/www.lacavedeslecteurs.com\/index.php\/wp-json\/wp\/v2\/comments?post=11343"}],"wp:featuredmedia":[{"embeddable":true,"href":"https:\/\/www.lacavedeslecteurs.com\/index.php\/wp-json\/wp\/v2\/media\/16733"}],"wp:attachment":[{"href":"https:\/\/www.lacavedeslecteurs.com\/index.php\/wp-json\/wp\/v2\/media?parent=11343"}],"wp:term":[{"taxonomy":"product_brand","embeddable":true,"href":"https:\/\/www.lacavedeslecteurs.com\/index.php\/wp-json\/wp\/v2\/product_brand?post=11343"},{"taxonomy":"product_cat","embeddable":true,"href":"https:\/\/www.lacavedeslecteurs.com\/index.php\/wp-json\/wp\/v2\/product_cat?post=11343"},{"taxonomy":"product_tag","embeddable":true,"href":"https:\/\/www.lacavedeslecteurs.com\/index.php\/wp-json\/wp\/v2\/product_tag?post=11343"}],"curies":[{"name":"wp","href":"https:\/\/api.w.org\/{rel}","templated":true}]}}