{"id":11356,"date":"2025-12-31T12:57:42","date_gmt":"2025-12-31T12:57:42","guid":{"rendered":"https:\/\/www.lacavedeslecteurs.com\/index.php\/product\/domaine-roumier\/"},"modified":"2026-02-13T15:11:01","modified_gmt":"2026-02-13T15:11:01","slug":"domaine-roumier","status":"publish","type":"product","link":"https:\/\/www.lacavedeslecteurs.com\/index.php\/product\/domaine-roumier\/","title":{"rendered":"Domaine Roumier - 2018"},"content":{"rendered":"<p>Laurent Roumier cultive ses vignes de mani\u00e8re tout \u00e0 fait naturelle sans fertilisant ni herbicide. Les vinifications sont faites \u00e0 l\u2019ancienne, ce qui donne aux vins des ar\u00f4mes exceptionnels.<\/p>\n","protected":false},"excerpt":{"rendered":"<p>Laurent Roumier cultive ses vignes de mani\u00e8re tout \u00e0 fait naturelle sans fertilisant ni herbicide. Les vinifications sont faites \u00e0 l\u2019ancienne, ce qui donne aux vins des ar\u00f4mes exceptionnels.<\/p>\n","protected":false},"featured_media":16739,"comment_status":"open","ping_status":"closed","template":"","meta":[],"product_brand":[],"product_cat":[21,365,138,27],"product_tag":[],"class_list":{"0":"post-11356","1":"product","2":"type-product","3":"status-publish","4":"has-post-thumbnail","6":"product_cat-bourgogne","7":"product_cat-categorie","8":"product_cat-couleurs","9":"product_cat-rouge","11":"first","12":"instock","13":"sale","14":"taxable","15":"shipping-taxable","16":"purchasable","17":"product-type-simple"},"_links":{"self":[{"href":"https:\/\/www.lacavedeslecteurs.com\/index.php\/wp-json\/wp\/v2\/product\/11356","targetHints":{"allow":["GET"]}}],"collection":[{"href":"https:\/\/www.lacavedeslecteurs.com\/index.php\/wp-json\/wp\/v2\/product"}],"about":[{"href":"https:\/\/www.lacavedeslecteurs.com\/index.php\/wp-json\/wp\/v2\/types\/product"}],"replies":[{"embeddable":true,"href":"https:\/\/www.lacavedeslecteurs.com\/index.php\/wp-json\/wp\/v2\/comments?post=11356"}],"wp:featuredmedia":[{"embeddable":true,"href":"https:\/\/www.lacavedeslecteurs.com\/index.php\/wp-json\/wp\/v2\/media\/16739"}],"wp:attachment":[{"href":"https:\/\/www.lacavedeslecteurs.com\/index.php\/wp-json\/wp\/v2\/media?parent=11356"}],"wp:term":[{"taxonomy":"product_brand","embeddable":true,"href":"https:\/\/www.lacavedeslecteurs.com\/index.php\/wp-json\/wp\/v2\/product_brand?post=11356"},{"taxonomy":"product_cat","embeddable":true,"href":"https:\/\/www.lacavedeslecteurs.com\/index.php\/wp-json\/wp\/v2\/product_cat?post=11356"},{"taxonomy":"product_tag","embeddable":true,"href":"https:\/\/www.lacavedeslecteurs.com\/index.php\/wp-json\/wp\/v2\/product_tag?post=11356"}],"curies":[{"name":"wp","href":"https:\/\/api.w.org\/{rel}","templated":true}]}}