{"id":11360,"date":"2025-12-31T12:57:44","date_gmt":"2025-12-31T12:57:44","guid":{"rendered":"https:\/\/www.lacavedeslecteurs.com\/index.php\/product\/domaine-du-vieux-college-les-hervelets-bio\/"},"modified":"2026-02-13T15:11:04","modified_gmt":"2026-02-13T15:11:04","slug":"domaine-du-vieux-college-les-hervelets-bio","status":"publish","type":"product","link":"https:\/\/www.lacavedeslecteurs.com\/index.php\/product\/domaine-du-vieux-college-les-hervelets-bio\/","title":{"rendered":"Domaine du Vieux Coll\u00e8ge Les Hervelets BIO - 2018"},"content":{"rendered":"<p>Que de souplesse et de vivacit\u00e9! Le vin est \u00e0 la fois l\u00e9ger, a\u00e9rien mais fait \u00e9galement preuve d&rsquo;une belle pr\u00e9sence.<\/p>\n","protected":false},"excerpt":{"rendered":"<p>Que de souplesse et de vivacit\u00e9! Le vin est \u00e0 la fois l\u00e9ger, a\u00e9rien mais fait \u00e9galement preuve d&rsquo;une belle pr\u00e9sence.<\/p>\n","protected":false},"featured_media":16741,"comment_status":"open","ping_status":"closed","template":"","meta":[],"product_brand":[],"product_cat":[21,365,138,27],"product_tag":[],"class_list":{"0":"post-11360","1":"product","2":"type-product","3":"status-publish","4":"has-post-thumbnail","6":"product_cat-bourgogne","7":"product_cat-categorie","8":"product_cat-couleurs","9":"product_cat-rouge","11":"first","12":"instock","13":"sale","14":"taxable","15":"shipping-taxable","16":"purchasable","17":"product-type-simple"},"_links":{"self":[{"href":"https:\/\/www.lacavedeslecteurs.com\/index.php\/wp-json\/wp\/v2\/product\/11360","targetHints":{"allow":["GET"]}}],"collection":[{"href":"https:\/\/www.lacavedeslecteurs.com\/index.php\/wp-json\/wp\/v2\/product"}],"about":[{"href":"https:\/\/www.lacavedeslecteurs.com\/index.php\/wp-json\/wp\/v2\/types\/product"}],"replies":[{"embeddable":true,"href":"https:\/\/www.lacavedeslecteurs.com\/index.php\/wp-json\/wp\/v2\/comments?post=11360"}],"wp:featuredmedia":[{"embeddable":true,"href":"https:\/\/www.lacavedeslecteurs.com\/index.php\/wp-json\/wp\/v2\/media\/16741"}],"wp:attachment":[{"href":"https:\/\/www.lacavedeslecteurs.com\/index.php\/wp-json\/wp\/v2\/media?parent=11360"}],"wp:term":[{"taxonomy":"product_brand","embeddable":true,"href":"https:\/\/www.lacavedeslecteurs.com\/index.php\/wp-json\/wp\/v2\/product_brand?post=11360"},{"taxonomy":"product_cat","embeddable":true,"href":"https:\/\/www.lacavedeslecteurs.com\/index.php\/wp-json\/wp\/v2\/product_cat?post=11360"},{"taxonomy":"product_tag","embeddable":true,"href":"https:\/\/www.lacavedeslecteurs.com\/index.php\/wp-json\/wp\/v2\/product_tag?post=11360"}],"curies":[{"name":"wp","href":"https:\/\/api.w.org\/{rel}","templated":true}]}}