{"id":11364,"date":"2025-12-31T12:57:48","date_gmt":"2025-12-31T12:57:48","guid":{"rendered":"https:\/\/www.lacavedeslecteurs.com\/index.php\/product\/domaine-drouhin-laroze-2\/"},"modified":"2026-02-13T15:11:08","modified_gmt":"2026-02-13T15:11:08","slug":"domaine-drouhin-laroze-2","status":"publish","type":"product","link":"https:\/\/www.lacavedeslecteurs.com\/index.php\/product\/domaine-drouhin-laroze-2\/","title":{"rendered":"Domaine Drouhin-Laroze - 2019"},"content":{"rendered":"<p>Ce Cru est un assemblage de 10 climats de Gevrey-Chambertin. Des parfums subtils de petits fruits rouges et de r\u00e9glisse lui conf\u00e8rent une grande noblesse aromatique. L&rsquo;attaque en bouche est \u00e9quilibr\u00e9e, nette, franche et riche. Un vin de grande garde.<\/p>\n","protected":false},"excerpt":{"rendered":"<p>Ce Cru est un assemblage de 10 climats de Gevrey-Chambertin. Des parfums subtils de petits fruits rouges et de r\u00e9glisse lui conf\u00e8rent une grande noblesse aromatique. L&rsquo;attaque en bouche est \u00e9quilibr\u00e9e, nette, franche et riche. Un vin de grande garde.<\/p>\n","protected":false},"featured_media":16743,"comment_status":"open","ping_status":"closed","template":"","meta":[],"product_brand":[],"product_cat":[21,365,138,27],"product_tag":[],"class_list":{"0":"post-11364","1":"product","2":"type-product","3":"status-publish","4":"has-post-thumbnail","6":"product_cat-bourgogne","7":"product_cat-categorie","8":"product_cat-couleurs","9":"product_cat-rouge","11":"first","12":"instock","13":"sale","14":"taxable","15":"shipping-taxable","16":"purchasable","17":"product-type-simple"},"_links":{"self":[{"href":"https:\/\/www.lacavedeslecteurs.com\/index.php\/wp-json\/wp\/v2\/product\/11364","targetHints":{"allow":["GET"]}}],"collection":[{"href":"https:\/\/www.lacavedeslecteurs.com\/index.php\/wp-json\/wp\/v2\/product"}],"about":[{"href":"https:\/\/www.lacavedeslecteurs.com\/index.php\/wp-json\/wp\/v2\/types\/product"}],"replies":[{"embeddable":true,"href":"https:\/\/www.lacavedeslecteurs.com\/index.php\/wp-json\/wp\/v2\/comments?post=11364"}],"wp:featuredmedia":[{"embeddable":true,"href":"https:\/\/www.lacavedeslecteurs.com\/index.php\/wp-json\/wp\/v2\/media\/16743"}],"wp:attachment":[{"href":"https:\/\/www.lacavedeslecteurs.com\/index.php\/wp-json\/wp\/v2\/media?parent=11364"}],"wp:term":[{"taxonomy":"product_brand","embeddable":true,"href":"https:\/\/www.lacavedeslecteurs.com\/index.php\/wp-json\/wp\/v2\/product_brand?post=11364"},{"taxonomy":"product_cat","embeddable":true,"href":"https:\/\/www.lacavedeslecteurs.com\/index.php\/wp-json\/wp\/v2\/product_cat?post=11364"},{"taxonomy":"product_tag","embeddable":true,"href":"https:\/\/www.lacavedeslecteurs.com\/index.php\/wp-json\/wp\/v2\/product_tag?post=11364"}],"curies":[{"name":"wp","href":"https:\/\/api.w.org\/{rel}","templated":true}]}}