{"id":11368,"date":"2025-12-31T12:57:53","date_gmt":"2025-12-31T12:57:53","guid":{"rendered":"https:\/\/www.lacavedeslecteurs.com\/index.php\/product\/domaine-laurent-ponsot-cuvee-de-laulne\/"},"modified":"2026-02-13T15:11:12","modified_gmt":"2026-02-13T15:11:12","slug":"domaine-laurent-ponsot-cuvee-de-laulne","status":"publish","type":"product","link":"https:\/\/www.lacavedeslecteurs.com\/index.php\/product\/domaine-laurent-ponsot-cuvee-de-laulne\/","title":{"rendered":"Domaine Laurent Ponsot Cuv\u00e9e de l&rsquo;Aulne - 2018"},"content":{"rendered":"<p>Apr\u00e8s 36 ans au domaine Ponsot, Laurent Ponsot quitte le navire, ach\u00e8te 7 hectares et s&rsquo;attache \u00e0 produire des vins \u201chaute couture\u201d, sans chimie \u00e0 la vigne, ni bois neuf en \u00e9levage, pour moiti\u00e9 en blancs issus de la C\u00f4te de Beaune et pour moiti\u00e9 en rouge. Trop peu distribu\u00e9e en France, cette nouvelle source de grands vins bourguignons est \u00e9blouissante et tient ses promesses.<\/p>\n","protected":false},"excerpt":{"rendered":"<p>Apr\u00e8s 36 ans au domaine Ponsot, Laurent Ponsot quitte le navire, ach\u00e8te 7 hectares et s&rsquo;attache \u00e0 produire des vins \u201chaute couture\u201d, sans chimie \u00e0 la vigne, ni bois neuf en \u00e9levage, pour moiti\u00e9 en blancs issus de la C\u00f4te de Beaune et pour moiti\u00e9 en rouge. Trop peu distribu\u00e9e en France, cette nouvelle source [&hellip;]<\/p>\n","protected":false},"featured_media":16745,"comment_status":"open","ping_status":"closed","template":"","meta":[],"product_brand":[],"product_cat":[21,365,138,27],"product_tag":[],"class_list":{"0":"post-11368","1":"product","2":"type-product","3":"status-publish","4":"has-post-thumbnail","6":"product_cat-bourgogne","7":"product_cat-categorie","8":"product_cat-couleurs","9":"product_cat-rouge","11":"first","12":"instock","13":"sale","14":"taxable","15":"shipping-taxable","16":"purchasable","17":"product-type-simple"},"_links":{"self":[{"href":"https:\/\/www.lacavedeslecteurs.com\/index.php\/wp-json\/wp\/v2\/product\/11368","targetHints":{"allow":["GET"]}}],"collection":[{"href":"https:\/\/www.lacavedeslecteurs.com\/index.php\/wp-json\/wp\/v2\/product"}],"about":[{"href":"https:\/\/www.lacavedeslecteurs.com\/index.php\/wp-json\/wp\/v2\/types\/product"}],"replies":[{"embeddable":true,"href":"https:\/\/www.lacavedeslecteurs.com\/index.php\/wp-json\/wp\/v2\/comments?post=11368"}],"wp:featuredmedia":[{"embeddable":true,"href":"https:\/\/www.lacavedeslecteurs.com\/index.php\/wp-json\/wp\/v2\/media\/16745"}],"wp:attachment":[{"href":"https:\/\/www.lacavedeslecteurs.com\/index.php\/wp-json\/wp\/v2\/media?parent=11368"}],"wp:term":[{"taxonomy":"product_brand","embeddable":true,"href":"https:\/\/www.lacavedeslecteurs.com\/index.php\/wp-json\/wp\/v2\/product_brand?post=11368"},{"taxonomy":"product_cat","embeddable":true,"href":"https:\/\/www.lacavedeslecteurs.com\/index.php\/wp-json\/wp\/v2\/product_cat?post=11368"},{"taxonomy":"product_tag","embeddable":true,"href":"https:\/\/www.lacavedeslecteurs.com\/index.php\/wp-json\/wp\/v2\/product_tag?post=11368"}],"curies":[{"name":"wp","href":"https:\/\/api.w.org\/{rel}","templated":true}]}}