{"id":11370,"date":"2025-12-31T12:57:53","date_gmt":"2025-12-31T12:57:53","guid":{"rendered":"https:\/\/www.lacavedeslecteurs.com\/index.php\/product\/domaine-david-duband\/"},"modified":"2026-02-13T15:32:45","modified_gmt":"2026-02-13T15:32:45","slug":"domaine-david-duband","status":"publish","type":"product","link":"https:\/\/www.lacavedeslecteurs.com\/index.php\/product\/domaine-david-duband\/","title":{"rendered":"Domaine David Duband - 2019"},"content":{"rendered":"<p>Ce 2015 poss\u00e8de une robe \u00e9l\u00e9gante rubis aux reflets brillants. Son nez est port\u00e9 sur les fruits noirs et rouges avec une dominante de fraises et de l\u00e9g\u00e8res notes de poivre blanc. La bouche est riche, soutenue par des tannins bien pr\u00e9sents. Un vin qui sort des st\u00e9r\u00e9otypes s\u00e9v\u00e8res de cette appellation.<\/p>\n","protected":false},"excerpt":{"rendered":"<p>Ce 2015 poss\u00e8de une robe \u00e9l\u00e9gante rubis aux reflets brillants. Son nez est port\u00e9 sur les fruits noirs et rouges avec une dominante de fraises et de l\u00e9g\u00e8res notes de poivre blanc. La bouche est riche, soutenue par des tannins bien pr\u00e9sents. Un vin qui sort des st\u00e9r\u00e9otypes s\u00e9v\u00e8res de cette appellation.<\/p>\n","protected":false},"featured_media":16834,"comment_status":"open","ping_status":"closed","template":"","meta":[],"product_brand":[],"product_cat":[21,365,138,27],"product_tag":[],"class_list":{"0":"post-11370","1":"product","2":"type-product","3":"status-publish","4":"has-post-thumbnail","6":"product_cat-bourgogne","7":"product_cat-categorie","8":"product_cat-couleurs","9":"product_cat-rouge","11":"first","12":"instock","13":"sale","14":"taxable","15":"shipping-taxable","16":"purchasable","17":"product-type-simple"},"_links":{"self":[{"href":"https:\/\/www.lacavedeslecteurs.com\/index.php\/wp-json\/wp\/v2\/product\/11370","targetHints":{"allow":["GET"]}}],"collection":[{"href":"https:\/\/www.lacavedeslecteurs.com\/index.php\/wp-json\/wp\/v2\/product"}],"about":[{"href":"https:\/\/www.lacavedeslecteurs.com\/index.php\/wp-json\/wp\/v2\/types\/product"}],"replies":[{"embeddable":true,"href":"https:\/\/www.lacavedeslecteurs.com\/index.php\/wp-json\/wp\/v2\/comments?post=11370"}],"wp:featuredmedia":[{"embeddable":true,"href":"https:\/\/www.lacavedeslecteurs.com\/index.php\/wp-json\/wp\/v2\/media\/16834"}],"wp:attachment":[{"href":"https:\/\/www.lacavedeslecteurs.com\/index.php\/wp-json\/wp\/v2\/media?parent=11370"}],"wp:term":[{"taxonomy":"product_brand","embeddable":true,"href":"https:\/\/www.lacavedeslecteurs.com\/index.php\/wp-json\/wp\/v2\/product_brand?post=11370"},{"taxonomy":"product_cat","embeddable":true,"href":"https:\/\/www.lacavedeslecteurs.com\/index.php\/wp-json\/wp\/v2\/product_cat?post=11370"},{"taxonomy":"product_tag","embeddable":true,"href":"https:\/\/www.lacavedeslecteurs.com\/index.php\/wp-json\/wp\/v2\/product_tag?post=11370"}],"curies":[{"name":"wp","href":"https:\/\/api.w.org\/{rel}","templated":true}]}}