{"id":11374,"date":"2025-12-31T12:57:57","date_gmt":"2025-12-31T12:57:57","guid":{"rendered":"https:\/\/www.lacavedeslecteurs.com\/index.php\/product\/domaine-jean-charles-rion-les-millottes\/"},"modified":"2026-02-13T15:18:50","modified_gmt":"2026-02-13T15:18:50","slug":"domaine-jean-charles-rion-les-millottes","status":"publish","type":"product","link":"https:\/\/www.lacavedeslecteurs.com\/index.php\/product\/domaine-jean-charles-rion-les-millottes\/","title":{"rendered":"Domaine Jean-Charles Rion Les Millottes - 2021"},"content":{"rendered":"<p>Producteur difficile \u00e0 identifier car 4 domaines qui portent le nom de Rion. Ah joie et complexit\u00e9 de la Bourgogne! Superbe nez net, franc et intense. En bouche, fleur d&rsquo;acacia et le ch\u00e8vrefeuille accompagnent le beurre frais et la vanille. A d\u00e9guster sur un filet de sole au citron vert&#8230;<\/p>\n","protected":false},"excerpt":{"rendered":"<p>Producteur difficile \u00e0 identifier car 4 domaines qui portent le nom de Rion. Ah joie et complexit\u00e9 de la Bourgogne! Superbe nez net, franc et intense. En bouche, fleur d&rsquo;acacia et le ch\u00e8vrefeuille accompagnent le beurre frais et la vanille. A d\u00e9guster sur un filet de sole au citron vert&#8230;<\/p>\n","protected":false},"featured_media":16748,"comment_status":"open","ping_status":"closed","template":"","meta":[],"product_brand":[],"product_cat":[41,21,365,138],"product_tag":[],"class_list":{"0":"post-11374","1":"product","2":"type-product","3":"status-publish","4":"has-post-thumbnail","6":"product_cat-blanc","7":"product_cat-bourgogne","8":"product_cat-categorie","9":"product_cat-couleurs","11":"first","12":"instock","13":"sale","14":"taxable","15":"shipping-taxable","16":"purchasable","17":"product-type-simple"},"_links":{"self":[{"href":"https:\/\/www.lacavedeslecteurs.com\/index.php\/wp-json\/wp\/v2\/product\/11374","targetHints":{"allow":["GET"]}}],"collection":[{"href":"https:\/\/www.lacavedeslecteurs.com\/index.php\/wp-json\/wp\/v2\/product"}],"about":[{"href":"https:\/\/www.lacavedeslecteurs.com\/index.php\/wp-json\/wp\/v2\/types\/product"}],"replies":[{"embeddable":true,"href":"https:\/\/www.lacavedeslecteurs.com\/index.php\/wp-json\/wp\/v2\/comments?post=11374"}],"wp:featuredmedia":[{"embeddable":true,"href":"https:\/\/www.lacavedeslecteurs.com\/index.php\/wp-json\/wp\/v2\/media\/16748"}],"wp:attachment":[{"href":"https:\/\/www.lacavedeslecteurs.com\/index.php\/wp-json\/wp\/v2\/media?parent=11374"}],"wp:term":[{"taxonomy":"product_brand","embeddable":true,"href":"https:\/\/www.lacavedeslecteurs.com\/index.php\/wp-json\/wp\/v2\/product_brand?post=11374"},{"taxonomy":"product_cat","embeddable":true,"href":"https:\/\/www.lacavedeslecteurs.com\/index.php\/wp-json\/wp\/v2\/product_cat?post=11374"},{"taxonomy":"product_tag","embeddable":true,"href":"https:\/\/www.lacavedeslecteurs.com\/index.php\/wp-json\/wp\/v2\/product_tag?post=11374"}],"curies":[{"name":"wp","href":"https:\/\/api.w.org\/{rel}","templated":true}]}}