{"id":11380,"date":"2025-12-31T12:57:59","date_gmt":"2025-12-31T12:57:59","guid":{"rendered":"https:\/\/www.lacavedeslecteurs.com\/index.php\/product\/domaine-rene-bouvier-le-finage\/"},"modified":"2026-02-13T15:18:56","modified_gmt":"2026-02-13T15:18:56","slug":"domaine-rene-bouvier-le-finage","status":"publish","type":"product","link":"https:\/\/www.lacavedeslecteurs.com\/index.php\/product\/domaine-rene-bouvier-le-finage\/","title":{"rendered":"Domaine Ren\u00e9 Bouvier Le Finage - 2020"},"content":{"rendered":"<p>Ce vin \u00e0 la robe rubis soutenue offre de jolis ar\u00f4mes de fruits rouges sauvages, de fleurs et d&rsquo;\u00e9pices. La bouche est sur le fruit avec des tanins d&rsquo;une grande finesse. Rond, souple et gourmand, il a pr\u00e9sent\u00e9 un charme certain sur la jeunesse. Le Finage est une belle bouteille de Marsannay rouge.<\/p>\n","protected":false},"excerpt":{"rendered":"<p>Ce vin \u00e0 la robe rubis soutenue offre de jolis ar\u00f4mes de fruits rouges sauvages, de fleurs et d&rsquo;\u00e9pices. La bouche est sur le fruit avec des tanins d&rsquo;une grande finesse. Rond, souple et gourmand, il a pr\u00e9sent\u00e9 un charme certain sur la jeunesse. Le Finage est une belle bouteille de Marsannay rouge.<\/p>\n","protected":false},"featured_media":16751,"comment_status":"open","ping_status":"closed","template":"","meta":[],"product_brand":[],"product_cat":[21,365,138,27],"product_tag":[],"class_list":{"0":"post-11380","1":"product","2":"type-product","3":"status-publish","4":"has-post-thumbnail","6":"product_cat-bourgogne","7":"product_cat-categorie","8":"product_cat-couleurs","9":"product_cat-rouge","11":"first","12":"instock","13":"sale","14":"taxable","15":"shipping-taxable","16":"purchasable","17":"product-type-simple"},"_links":{"self":[{"href":"https:\/\/www.lacavedeslecteurs.com\/index.php\/wp-json\/wp\/v2\/product\/11380","targetHints":{"allow":["GET"]}}],"collection":[{"href":"https:\/\/www.lacavedeslecteurs.com\/index.php\/wp-json\/wp\/v2\/product"}],"about":[{"href":"https:\/\/www.lacavedeslecteurs.com\/index.php\/wp-json\/wp\/v2\/types\/product"}],"replies":[{"embeddable":true,"href":"https:\/\/www.lacavedeslecteurs.com\/index.php\/wp-json\/wp\/v2\/comments?post=11380"}],"wp:featuredmedia":[{"embeddable":true,"href":"https:\/\/www.lacavedeslecteurs.com\/index.php\/wp-json\/wp\/v2\/media\/16751"}],"wp:attachment":[{"href":"https:\/\/www.lacavedeslecteurs.com\/index.php\/wp-json\/wp\/v2\/media?parent=11380"}],"wp:term":[{"taxonomy":"product_brand","embeddable":true,"href":"https:\/\/www.lacavedeslecteurs.com\/index.php\/wp-json\/wp\/v2\/product_brand?post=11380"},{"taxonomy":"product_cat","embeddable":true,"href":"https:\/\/www.lacavedeslecteurs.com\/index.php\/wp-json\/wp\/v2\/product_cat?post=11380"},{"taxonomy":"product_tag","embeddable":true,"href":"https:\/\/www.lacavedeslecteurs.com\/index.php\/wp-json\/wp\/v2\/product_tag?post=11380"}],"curies":[{"name":"wp","href":"https:\/\/api.w.org\/{rel}","templated":true}]}}