{"id":11386,"date":"2025-12-31T12:58:03","date_gmt":"2025-12-31T12:58:03","guid":{"rendered":"https:\/\/www.lacavedeslecteurs.com\/index.php\/product\/chateau-saint-pierre\/"},"modified":"2026-02-13T15:08:38","modified_gmt":"2026-02-13T15:08:38","slug":"chateau-saint-pierre","status":"publish","type":"product","link":"https:\/\/www.lacavedeslecteurs.com\/index.php\/product\/chateau-saint-pierre\/","title":{"rendered":"Ch\u00e2teau Saint-Pierre - 2016"},"content":{"rendered":"<p>Construit avec 81% de Cabernet Sauvignon, le vin est dense tannique, tr\u00e8s \u00e9l\u00e9gant, d&rsquo;une bonne longueur, certes \u00e9l\u00e9gant mais dense et concentr\u00e9, d&rsquo;une grande puret\u00e9. Grande r\u00e9ussite du mill\u00e9sime. A boire.<\/p>\n","protected":false},"excerpt":{"rendered":"<p>Construit avec 81% de Cabernet Sauvignon, le vin est dense tannique, tr\u00e8s \u00e9l\u00e9gant, d&rsquo;une bonne longueur, certes \u00e9l\u00e9gant mais dense et concentr\u00e9, d&rsquo;une grande puret\u00e9. Grande r\u00e9ussite du mill\u00e9sime. A boire.<\/p>\n","protected":false},"featured_media":16674,"comment_status":"open","ping_status":"closed","template":"","meta":[],"product_brand":[],"product_cat":[20,365,138,27],"product_tag":[],"class_list":{"0":"post-11386","1":"product","2":"type-product","3":"status-publish","4":"has-post-thumbnail","6":"product_cat-bordeaux","7":"product_cat-categorie","8":"product_cat-couleurs","9":"product_cat-rouge","11":"first","12":"instock","13":"sale","14":"taxable","15":"shipping-taxable","16":"purchasable","17":"product-type-simple"},"_links":{"self":[{"href":"https:\/\/www.lacavedeslecteurs.com\/index.php\/wp-json\/wp\/v2\/product\/11386","targetHints":{"allow":["GET"]}}],"collection":[{"href":"https:\/\/www.lacavedeslecteurs.com\/index.php\/wp-json\/wp\/v2\/product"}],"about":[{"href":"https:\/\/www.lacavedeslecteurs.com\/index.php\/wp-json\/wp\/v2\/types\/product"}],"replies":[{"embeddable":true,"href":"https:\/\/www.lacavedeslecteurs.com\/index.php\/wp-json\/wp\/v2\/comments?post=11386"}],"wp:featuredmedia":[{"embeddable":true,"href":"https:\/\/www.lacavedeslecteurs.com\/index.php\/wp-json\/wp\/v2\/media\/16674"}],"wp:attachment":[{"href":"https:\/\/www.lacavedeslecteurs.com\/index.php\/wp-json\/wp\/v2\/media?parent=11386"}],"wp:term":[{"taxonomy":"product_brand","embeddable":true,"href":"https:\/\/www.lacavedeslecteurs.com\/index.php\/wp-json\/wp\/v2\/product_brand?post=11386"},{"taxonomy":"product_cat","embeddable":true,"href":"https:\/\/www.lacavedeslecteurs.com\/index.php\/wp-json\/wp\/v2\/product_cat?post=11386"},{"taxonomy":"product_tag","embeddable":true,"href":"https:\/\/www.lacavedeslecteurs.com\/index.php\/wp-json\/wp\/v2\/product_tag?post=11386"}],"curies":[{"name":"wp","href":"https:\/\/api.w.org\/{rel}","templated":true}]}}