{"id":11397,"date":"2025-12-31T12:58:09","date_gmt":"2025-12-31T12:58:09","guid":{"rendered":"https:\/\/www.lacavedeslecteurs.com\/index.php\/product\/chateau-de-chamilly-les-bassets\/"},"modified":"2026-02-13T15:19:14","modified_gmt":"2026-02-13T15:19:14","slug":"chateau-de-chamilly-les-bassets","status":"publish","type":"product","link":"https:\/\/www.lacavedeslecteurs.com\/index.php\/product\/chateau-de-chamilly-les-bassets\/","title":{"rendered":"Ch\u00e2teau de Chamilly Les Bassets - 2020"},"content":{"rendered":"<p>Le Ch\u00e2teau de Chamilly est un domaine familial au c\u0153ur de la Bourgogne au nord de la C\u00f4te Chalonnaise. La parcelle \u00ab\u00a0Les Bassets\u00a0\u00bb est compos\u00e9e de sols argilo-calcaires riches en silex. Les vignes ont 35 ans et sont expos\u00e9s \u00e0 l&rsquo;est, ce qui conf\u00e8re au vin min\u00e9ralit\u00e9, vivacit\u00e9 et fra\u00eecheur.<\/p>\n","protected":false},"excerpt":{"rendered":"<p>Le Ch\u00e2teau de Chamilly est un domaine familial au c\u0153ur de la Bourgogne au nord de la C\u00f4te Chalonnaise. La parcelle \u00ab\u00a0Les Bassets\u00a0\u00bb est compos\u00e9e de sols argilo-calcaires riches en silex. Les vignes ont 35 ans et sont expos\u00e9s \u00e0 l&rsquo;est, ce qui conf\u00e8re au vin min\u00e9ralit\u00e9, vivacit\u00e9 et fra\u00eecheur.<\/p>\n","protected":false},"featured_media":16759,"comment_status":"open","ping_status":"closed","template":"","meta":[],"product_brand":[],"product_cat":[21,365,138,27],"product_tag":[],"class_list":{"0":"post-11397","1":"product","2":"type-product","3":"status-publish","4":"has-post-thumbnail","6":"product_cat-bourgogne","7":"product_cat-categorie","8":"product_cat-couleurs","9":"product_cat-rouge","11":"first","12":"instock","13":"sale","14":"taxable","15":"shipping-taxable","16":"purchasable","17":"product-type-simple"},"_links":{"self":[{"href":"https:\/\/www.lacavedeslecteurs.com\/index.php\/wp-json\/wp\/v2\/product\/11397","targetHints":{"allow":["GET"]}}],"collection":[{"href":"https:\/\/www.lacavedeslecteurs.com\/index.php\/wp-json\/wp\/v2\/product"}],"about":[{"href":"https:\/\/www.lacavedeslecteurs.com\/index.php\/wp-json\/wp\/v2\/types\/product"}],"replies":[{"embeddable":true,"href":"https:\/\/www.lacavedeslecteurs.com\/index.php\/wp-json\/wp\/v2\/comments?post=11397"}],"wp:featuredmedia":[{"embeddable":true,"href":"https:\/\/www.lacavedeslecteurs.com\/index.php\/wp-json\/wp\/v2\/media\/16759"}],"wp:attachment":[{"href":"https:\/\/www.lacavedeslecteurs.com\/index.php\/wp-json\/wp\/v2\/media?parent=11397"}],"wp:term":[{"taxonomy":"product_brand","embeddable":true,"href":"https:\/\/www.lacavedeslecteurs.com\/index.php\/wp-json\/wp\/v2\/product_brand?post=11397"},{"taxonomy":"product_cat","embeddable":true,"href":"https:\/\/www.lacavedeslecteurs.com\/index.php\/wp-json\/wp\/v2\/product_cat?post=11397"},{"taxonomy":"product_tag","embeddable":true,"href":"https:\/\/www.lacavedeslecteurs.com\/index.php\/wp-json\/wp\/v2\/product_tag?post=11397"}],"curies":[{"name":"wp","href":"https:\/\/api.w.org\/{rel}","templated":true}]}}