{"id":11408,"date":"2025-12-31T12:58:22","date_gmt":"2025-12-31T12:58:22","guid":{"rendered":"https:\/\/www.lacavedeslecteurs.com\/index.php\/product\/domaine-xavier-durand-les-charmois\/"},"modified":"2026-02-13T15:19:30","modified_gmt":"2026-02-13T15:19:30","slug":"domaine-xavier-durand-les-charmois","status":"publish","type":"product","link":"https:\/\/www.lacavedeslecteurs.com\/index.php\/product\/domaine-xavier-durand-les-charmois\/","title":{"rendered":"Domaine Xavier Durand Les Charmois - 2019"},"content":{"rendered":"<p>Dans le terroir de Xavier Durand, o\u00f9 l&rsquo;argile, le calcaire et le sable s&rsquo;unissent, naissent des vins d&rsquo;exception. \u00c9lev\u00e9s avec passion en f\u00fbts de ch\u00eane pendant un an, ils r\u00e9v\u00e8lent une harmonie parfaite entre rondeur et d\u00e9licatesse, avec des tanins subtils. Leur finale, longue et \u00e9l\u00e9gante, est comme un po\u00e8me en bouche, \u00e9voquant un voyage sensoriel inoubliable.<\/p>\n","protected":false},"excerpt":{"rendered":"<p>Dans le terroir de Xavier Durand, o\u00f9 l&rsquo;argile, le calcaire et le sable s&rsquo;unissent, naissent des vins d&rsquo;exception. \u00c9lev\u00e9s avec passion en f\u00fbts de ch\u00eane pendant un an, ils r\u00e9v\u00e8lent une harmonie parfaite entre rondeur et d\u00e9licatesse, avec des tanins subtils. Leur finale, longue et \u00e9l\u00e9gante, est comme un po\u00e8me en bouche, \u00e9voquant un voyage [&hellip;]<\/p>\n","protected":false},"featured_media":16765,"comment_status":"open","ping_status":"closed","template":"","meta":[],"product_brand":[],"product_cat":[21,365,138,27],"product_tag":[],"class_list":{"0":"post-11408","1":"product","2":"type-product","3":"status-publish","4":"has-post-thumbnail","6":"product_cat-bourgogne","7":"product_cat-categorie","8":"product_cat-couleurs","9":"product_cat-rouge","11":"first","12":"instock","13":"sale","14":"taxable","15":"shipping-taxable","16":"purchasable","17":"product-type-simple"},"_links":{"self":[{"href":"https:\/\/www.lacavedeslecteurs.com\/index.php\/wp-json\/wp\/v2\/product\/11408","targetHints":{"allow":["GET"]}}],"collection":[{"href":"https:\/\/www.lacavedeslecteurs.com\/index.php\/wp-json\/wp\/v2\/product"}],"about":[{"href":"https:\/\/www.lacavedeslecteurs.com\/index.php\/wp-json\/wp\/v2\/types\/product"}],"replies":[{"embeddable":true,"href":"https:\/\/www.lacavedeslecteurs.com\/index.php\/wp-json\/wp\/v2\/comments?post=11408"}],"wp:featuredmedia":[{"embeddable":true,"href":"https:\/\/www.lacavedeslecteurs.com\/index.php\/wp-json\/wp\/v2\/media\/16765"}],"wp:attachment":[{"href":"https:\/\/www.lacavedeslecteurs.com\/index.php\/wp-json\/wp\/v2\/media?parent=11408"}],"wp:term":[{"taxonomy":"product_brand","embeddable":true,"href":"https:\/\/www.lacavedeslecteurs.com\/index.php\/wp-json\/wp\/v2\/product_brand?post=11408"},{"taxonomy":"product_cat","embeddable":true,"href":"https:\/\/www.lacavedeslecteurs.com\/index.php\/wp-json\/wp\/v2\/product_cat?post=11408"},{"taxonomy":"product_tag","embeddable":true,"href":"https:\/\/www.lacavedeslecteurs.com\/index.php\/wp-json\/wp\/v2\/product_tag?post=11408"}],"curies":[{"name":"wp","href":"https:\/\/api.w.org\/{rel}","templated":true}]}}