{"id":11410,"date":"2025-12-31T12:58:22","date_gmt":"2025-12-31T12:58:22","guid":{"rendered":"https:\/\/www.lacavedeslecteurs.com\/index.php\/product\/domaine-de-la-croix-senaillet\/"},"modified":"2026-02-13T15:19:33","modified_gmt":"2026-02-13T15:19:33","slug":"domaine-de-la-croix-senaillet","status":"publish","type":"product","link":"https:\/\/www.lacavedeslecteurs.com\/index.php\/product\/domaine-de-la-croix-senaillet\/","title":{"rendered":"Domaine de la Croix S\u00e9naillet - 2018"},"content":{"rendered":"<p>Richard et St\u00e9phane Martin adh\u00e8rent depuis longtemps aux principes de l\u2019Agriculture Biologique. C&rsquo;est un domaine s\u00e9rieux qui produit dans les r\u00e8gles de l&rsquo;art de grands chardonnays \u00e0 des prix encore marchands. Un vin \u00e9l\u00e9gant et discret avec une belle fra\u00eecheur en finale.<\/p>\n","protected":false},"excerpt":{"rendered":"<p>Richard et St\u00e9phane Martin adh\u00e8rent depuis longtemps aux principes de l\u2019Agriculture Biologique. C&rsquo;est un domaine s\u00e9rieux qui produit dans les r\u00e8gles de l&rsquo;art de grands chardonnays \u00e0 des prix encore marchands. Un vin \u00e9l\u00e9gant et discret avec une belle fra\u00eecheur en finale.<\/p>\n","protected":false},"featured_media":16766,"comment_status":"open","ping_status":"closed","template":"","meta":[],"product_brand":[],"product_cat":[41,21,365,138],"product_tag":[],"class_list":{"0":"post-11410","1":"product","2":"type-product","3":"status-publish","4":"has-post-thumbnail","6":"product_cat-blanc","7":"product_cat-bourgogne","8":"product_cat-categorie","9":"product_cat-couleurs","11":"first","12":"instock","13":"sale","14":"taxable","15":"shipping-taxable","16":"purchasable","17":"product-type-simple"},"_links":{"self":[{"href":"https:\/\/www.lacavedeslecteurs.com\/index.php\/wp-json\/wp\/v2\/product\/11410","targetHints":{"allow":["GET"]}}],"collection":[{"href":"https:\/\/www.lacavedeslecteurs.com\/index.php\/wp-json\/wp\/v2\/product"}],"about":[{"href":"https:\/\/www.lacavedeslecteurs.com\/index.php\/wp-json\/wp\/v2\/types\/product"}],"replies":[{"embeddable":true,"href":"https:\/\/www.lacavedeslecteurs.com\/index.php\/wp-json\/wp\/v2\/comments?post=11410"}],"wp:featuredmedia":[{"embeddable":true,"href":"https:\/\/www.lacavedeslecteurs.com\/index.php\/wp-json\/wp\/v2\/media\/16766"}],"wp:attachment":[{"href":"https:\/\/www.lacavedeslecteurs.com\/index.php\/wp-json\/wp\/v2\/media?parent=11410"}],"wp:term":[{"taxonomy":"product_brand","embeddable":true,"href":"https:\/\/www.lacavedeslecteurs.com\/index.php\/wp-json\/wp\/v2\/product_brand?post=11410"},{"taxonomy":"product_cat","embeddable":true,"href":"https:\/\/www.lacavedeslecteurs.com\/index.php\/wp-json\/wp\/v2\/product_cat?post=11410"},{"taxonomy":"product_tag","embeddable":true,"href":"https:\/\/www.lacavedeslecteurs.com\/index.php\/wp-json\/wp\/v2\/product_tag?post=11410"}],"curies":[{"name":"wp","href":"https:\/\/api.w.org\/{rel}","templated":true}]}}