{"id":11414,"date":"2025-12-31T12:58:28","date_gmt":"2025-12-31T12:58:28","guid":{"rendered":"https:\/\/www.lacavedeslecteurs.com\/index.php\/product\/maison-auvigue-la-frerie\/"},"modified":"2026-02-13T15:19:37","modified_gmt":"2026-02-13T15:19:37","slug":"maison-auvigue-la-frerie","status":"publish","type":"product","link":"https:\/\/www.lacavedeslecteurs.com\/index.php\/product\/maison-auvigue-la-frerie\/","title":{"rendered":"Maison Auvigue La Fr\u00e9rie - 2020"},"content":{"rendered":"<p>Sylvain Brenas-Auvigue, arri\u00e8re-petit-fils du fondateur de la maison \u00e9ponyme, reprend les rennes en 2016. La Fr\u00e9rie est un climat situ\u00e9 sur les c\u00f4teaux sud de la fameuse Roche de Solutr\u00e9, qui se pr\u00e9sente tout en finesse et complexit\u00e9, class\u00e9 Premier Cru \u00e0 partir de la r\u00e9colte 2020.<\/p>\n","protected":false},"excerpt":{"rendered":"<p>Sylvain Brenas-Auvigue, arri\u00e8re-petit-fils du fondateur de la maison \u00e9ponyme, reprend les rennes en 2016. La Fr\u00e9rie est un climat situ\u00e9 sur les c\u00f4teaux sud de la fameuse Roche de Solutr\u00e9, qui se pr\u00e9sente tout en finesse et complexit\u00e9, class\u00e9 Premier Cru \u00e0 partir de la r\u00e9colte 2020.<\/p>\n","protected":false},"featured_media":16767,"comment_status":"open","ping_status":"closed","template":"","meta":[],"product_brand":[],"product_cat":[41,21,365,138],"product_tag":[],"class_list":{"0":"post-11414","1":"product","2":"type-product","3":"status-publish","4":"has-post-thumbnail","6":"product_cat-blanc","7":"product_cat-bourgogne","8":"product_cat-categorie","9":"product_cat-couleurs","11":"first","12":"instock","13":"sale","14":"taxable","15":"shipping-taxable","16":"purchasable","17":"product-type-simple"},"_links":{"self":[{"href":"https:\/\/www.lacavedeslecteurs.com\/index.php\/wp-json\/wp\/v2\/product\/11414","targetHints":{"allow":["GET"]}}],"collection":[{"href":"https:\/\/www.lacavedeslecteurs.com\/index.php\/wp-json\/wp\/v2\/product"}],"about":[{"href":"https:\/\/www.lacavedeslecteurs.com\/index.php\/wp-json\/wp\/v2\/types\/product"}],"replies":[{"embeddable":true,"href":"https:\/\/www.lacavedeslecteurs.com\/index.php\/wp-json\/wp\/v2\/comments?post=11414"}],"wp:featuredmedia":[{"embeddable":true,"href":"https:\/\/www.lacavedeslecteurs.com\/index.php\/wp-json\/wp\/v2\/media\/16767"}],"wp:attachment":[{"href":"https:\/\/www.lacavedeslecteurs.com\/index.php\/wp-json\/wp\/v2\/media?parent=11414"}],"wp:term":[{"taxonomy":"product_brand","embeddable":true,"href":"https:\/\/www.lacavedeslecteurs.com\/index.php\/wp-json\/wp\/v2\/product_brand?post=11414"},{"taxonomy":"product_cat","embeddable":true,"href":"https:\/\/www.lacavedeslecteurs.com\/index.php\/wp-json\/wp\/v2\/product_cat?post=11414"},{"taxonomy":"product_tag","embeddable":true,"href":"https:\/\/www.lacavedeslecteurs.com\/index.php\/wp-json\/wp\/v2\/product_tag?post=11414"}],"curies":[{"name":"wp","href":"https:\/\/api.w.org\/{rel}","templated":true}]}}