{"id":11430,"date":"2025-12-31T12:58:41","date_gmt":"2025-12-31T12:58:41","guid":{"rendered":"https:\/\/www.lacavedeslecteurs.com\/index.php\/product\/maison-louis-latour-sous-le-puits\/"},"modified":"2026-02-13T15:22:10","modified_gmt":"2026-02-13T15:22:10","slug":"maison-louis-latour-sous-le-puits","status":"publish","type":"product","link":"https:\/\/www.lacavedeslecteurs.com\/index.php\/product\/maison-louis-latour-sous-le-puits\/","title":{"rendered":"Maison Louis Latour Sous Le Puits - 2017"},"content":{"rendered":"<p>Superbe climat aux ar\u00f4mes d&rsquo;agrumes et de melon. Bois\u00e9 ma\u00eetris\u00e9 avec une pointe toast\u00e9e. Bouche ample, ronde, avec une tr\u00e8s belle vivacit\u00e9 et une grande complexit\u00e9. Finale longue et finement iod\u00e9e.<\/p>\n","protected":false},"excerpt":{"rendered":"<p>Superbe climat aux ar\u00f4mes d&rsquo;agrumes et de melon. Bois\u00e9 ma\u00eetris\u00e9 avec une pointe toast\u00e9e. Bouche ample, ronde, avec une tr\u00e8s belle vivacit\u00e9 et une grande complexit\u00e9. Finale longue et finement iod\u00e9e.<\/p>\n","protected":false},"featured_media":16776,"comment_status":"open","ping_status":"closed","template":"","meta":[],"product_brand":[],"product_cat":[41,21,365,138],"product_tag":[],"class_list":{"0":"post-11430","1":"product","2":"type-product","3":"status-publish","4":"has-post-thumbnail","6":"product_cat-blanc","7":"product_cat-bourgogne","8":"product_cat-categorie","9":"product_cat-couleurs","11":"first","12":"instock","13":"sale","14":"taxable","15":"shipping-taxable","16":"purchasable","17":"product-type-simple"},"_links":{"self":[{"href":"https:\/\/www.lacavedeslecteurs.com\/index.php\/wp-json\/wp\/v2\/product\/11430","targetHints":{"allow":["GET"]}}],"collection":[{"href":"https:\/\/www.lacavedeslecteurs.com\/index.php\/wp-json\/wp\/v2\/product"}],"about":[{"href":"https:\/\/www.lacavedeslecteurs.com\/index.php\/wp-json\/wp\/v2\/types\/product"}],"replies":[{"embeddable":true,"href":"https:\/\/www.lacavedeslecteurs.com\/index.php\/wp-json\/wp\/v2\/comments?post=11430"}],"wp:featuredmedia":[{"embeddable":true,"href":"https:\/\/www.lacavedeslecteurs.com\/index.php\/wp-json\/wp\/v2\/media\/16776"}],"wp:attachment":[{"href":"https:\/\/www.lacavedeslecteurs.com\/index.php\/wp-json\/wp\/v2\/media?parent=11430"}],"wp:term":[{"taxonomy":"product_brand","embeddable":true,"href":"https:\/\/www.lacavedeslecteurs.com\/index.php\/wp-json\/wp\/v2\/product_brand?post=11430"},{"taxonomy":"product_cat","embeddable":true,"href":"https:\/\/www.lacavedeslecteurs.com\/index.php\/wp-json\/wp\/v2\/product_cat?post=11430"},{"taxonomy":"product_tag","embeddable":true,"href":"https:\/\/www.lacavedeslecteurs.com\/index.php\/wp-json\/wp\/v2\/product_tag?post=11430"}],"curies":[{"name":"wp","href":"https:\/\/api.w.org\/{rel}","templated":true}]}}