{"id":11435,"date":"2025-12-31T12:58:42","date_gmt":"2025-12-31T12:58:42","guid":{"rendered":"https:\/\/www.lacavedeslecteurs.com\/index.php\/product\/domaine-jean-marc-et-hugues-pavelot-les-belles-filles\/"},"modified":"2026-02-13T15:22:14","modified_gmt":"2026-02-13T15:22:14","slug":"domaine-jean-marc-et-hugues-pavelot-les-belles-filles","status":"publish","type":"product","link":"https:\/\/www.lacavedeslecteurs.com\/index.php\/product\/domaine-jean-marc-et-hugues-pavelot-les-belles-filles\/","title":{"rendered":"Domaine Jean-Marc et Hugues Pavelot Les Belles Filles - 2019"},"content":{"rendered":"<p>Tout en finesse avec des petits fruits rouges comme la fraise ou la framboise, une belle mati\u00e8re et des tanins fondus. Il est \u00e0 boire dans les 8 \u00e0 10 ans suivant la r\u00e9colte.<\/p>\n","protected":false},"excerpt":{"rendered":"<p>Tout en finesse avec des petits fruits rouges comme la fraise ou la framboise, une belle mati\u00e8re et des tanins fondus. Il est \u00e0 boire dans les 8 \u00e0 10 ans suivant la r\u00e9colte.<\/p>\n","protected":false},"featured_media":16779,"comment_status":"open","ping_status":"closed","template":"","meta":[],"product_brand":[],"product_cat":[21,365,138,27],"product_tag":[],"class_list":{"0":"post-11435","1":"product","2":"type-product","3":"status-publish","4":"has-post-thumbnail","6":"product_cat-bourgogne","7":"product_cat-categorie","8":"product_cat-couleurs","9":"product_cat-rouge","11":"first","12":"instock","13":"sale","14":"taxable","15":"shipping-taxable","16":"purchasable","17":"product-type-simple"},"_links":{"self":[{"href":"https:\/\/www.lacavedeslecteurs.com\/index.php\/wp-json\/wp\/v2\/product\/11435","targetHints":{"allow":["GET"]}}],"collection":[{"href":"https:\/\/www.lacavedeslecteurs.com\/index.php\/wp-json\/wp\/v2\/product"}],"about":[{"href":"https:\/\/www.lacavedeslecteurs.com\/index.php\/wp-json\/wp\/v2\/types\/product"}],"replies":[{"embeddable":true,"href":"https:\/\/www.lacavedeslecteurs.com\/index.php\/wp-json\/wp\/v2\/comments?post=11435"}],"wp:featuredmedia":[{"embeddable":true,"href":"https:\/\/www.lacavedeslecteurs.com\/index.php\/wp-json\/wp\/v2\/media\/16779"}],"wp:attachment":[{"href":"https:\/\/www.lacavedeslecteurs.com\/index.php\/wp-json\/wp\/v2\/media?parent=11435"}],"wp:term":[{"taxonomy":"product_brand","embeddable":true,"href":"https:\/\/www.lacavedeslecteurs.com\/index.php\/wp-json\/wp\/v2\/product_brand?post=11435"},{"taxonomy":"product_cat","embeddable":true,"href":"https:\/\/www.lacavedeslecteurs.com\/index.php\/wp-json\/wp\/v2\/product_cat?post=11435"},{"taxonomy":"product_tag","embeddable":true,"href":"https:\/\/www.lacavedeslecteurs.com\/index.php\/wp-json\/wp\/v2\/product_tag?post=11435"}],"curies":[{"name":"wp","href":"https:\/\/api.w.org\/{rel}","templated":true}]}}