{"id":11440,"date":"2025-12-31T12:58:46","date_gmt":"2025-12-31T12:58:46","guid":{"rendered":"https:\/\/www.lacavedeslecteurs.com\/index.php\/product\/domaine-remoriquet-les-damodes\/"},"modified":"2026-02-13T15:22:19","modified_gmt":"2026-02-13T15:22:19","slug":"domaine-remoriquet-les-damodes","status":"publish","type":"product","link":"https:\/\/www.lacavedeslecteurs.com\/index.php\/product\/domaine-remoriquet-les-damodes\/","title":{"rendered":"Domaine Remoriquet Les Damodes - 2018"},"content":{"rendered":"<p>La robe de ce premier cru Les Damodes est de couleur rubis. Le nez offre des ar\u00f4mes de r\u00e9glisse, de cassis. La fraicheur et la puret\u00e9 du fruit s&rsquo;associent \u00e0 une structure \u00e9voquant l&rsquo;\u00e9l\u00e9gance et la finesse que l&rsquo;on retrouve en partie dans les vins de Vosne Roman\u00e9e. Mati\u00e8re pulpeuse et nuanc\u00e9e, assez sensuelle dans la d\u00e9clinaison de sa m\u00e2che \u00e9pic\u00e9e.<\/p>\n","protected":false},"excerpt":{"rendered":"<p>La robe de ce premier cru Les Damodes est de couleur rubis. Le nez offre des ar\u00f4mes de r\u00e9glisse, de cassis. La fraicheur et la puret\u00e9 du fruit s&rsquo;associent \u00e0 une structure \u00e9voquant l&rsquo;\u00e9l\u00e9gance et la finesse que l&rsquo;on retrouve en partie dans les vins de Vosne Roman\u00e9e. Mati\u00e8re pulpeuse et nuanc\u00e9e, assez sensuelle dans [&hellip;]<\/p>\n","protected":false},"featured_media":16782,"comment_status":"open","ping_status":"closed","template":"","meta":[],"product_brand":[],"product_cat":[21,365,138,27],"product_tag":[],"class_list":{"0":"post-11440","1":"product","2":"type-product","3":"status-publish","4":"has-post-thumbnail","6":"product_cat-bourgogne","7":"product_cat-categorie","8":"product_cat-couleurs","9":"product_cat-rouge","11":"first","12":"instock","13":"sale","14":"taxable","15":"shipping-taxable","16":"purchasable","17":"product-type-simple"},"_links":{"self":[{"href":"https:\/\/www.lacavedeslecteurs.com\/index.php\/wp-json\/wp\/v2\/product\/11440","targetHints":{"allow":["GET"]}}],"collection":[{"href":"https:\/\/www.lacavedeslecteurs.com\/index.php\/wp-json\/wp\/v2\/product"}],"about":[{"href":"https:\/\/www.lacavedeslecteurs.com\/index.php\/wp-json\/wp\/v2\/types\/product"}],"replies":[{"embeddable":true,"href":"https:\/\/www.lacavedeslecteurs.com\/index.php\/wp-json\/wp\/v2\/comments?post=11440"}],"wp:featuredmedia":[{"embeddable":true,"href":"https:\/\/www.lacavedeslecteurs.com\/index.php\/wp-json\/wp\/v2\/media\/16782"}],"wp:attachment":[{"href":"https:\/\/www.lacavedeslecteurs.com\/index.php\/wp-json\/wp\/v2\/media?parent=11440"}],"wp:term":[{"taxonomy":"product_brand","embeddable":true,"href":"https:\/\/www.lacavedeslecteurs.com\/index.php\/wp-json\/wp\/v2\/product_brand?post=11440"},{"taxonomy":"product_cat","embeddable":true,"href":"https:\/\/www.lacavedeslecteurs.com\/index.php\/wp-json\/wp\/v2\/product_cat?post=11440"},{"taxonomy":"product_tag","embeddable":true,"href":"https:\/\/www.lacavedeslecteurs.com\/index.php\/wp-json\/wp\/v2\/product_tag?post=11440"}],"curies":[{"name":"wp","href":"https:\/\/api.w.org\/{rel}","templated":true}]}}