{"id":11441,"date":"2025-12-31T12:58:46","date_gmt":"2025-12-31T12:58:46","guid":{"rendered":"https:\/\/www.lacavedeslecteurs.com\/index.php\/product\/domaine-rapet-les-vergelesses\/"},"modified":"2026-02-13T15:22:23","modified_gmt":"2026-02-13T15:22:23","slug":"domaine-rapet-les-vergelesses","status":"publish","type":"product","link":"https:\/\/www.lacavedeslecteurs.com\/index.php\/product\/domaine-rapet-les-vergelesses\/","title":{"rendered":"Domaine Rapet Les Vergelesses - 2018"},"content":{"rendered":"<p>Domaine ancien (1769) en C\u00f4te de Beaune qui privil\u00e9gie le travail \u00e0 la vigne afin de favoriser la maturit\u00e9 optimale des raisins avec un minimum de traitements et de manipulation des raisins au chai, puis un un \u00e9levage de 20% en bois neuf. Le style de la \u00ab\u00a0maison\u00a0\u00bb\u00a0\u00a0: des vins fruit\u00e9s et riches, aux tannins fondus comme savent en donner les raisins bien m\u00fbrs.<\/p>\n","protected":false},"excerpt":{"rendered":"<p>Domaine ancien (1769) en C\u00f4te de Beaune qui privil\u00e9gie le travail \u00e0 la vigne afin de favoriser la maturit\u00e9 optimale des raisins avec un minimum de traitements et de manipulation des raisins au chai, puis un un \u00e9levage de 20% en bois neuf. Le style de la \u00ab\u00a0maison\u00a0\u00bb\u00a0\u00a0: des vins fruit\u00e9s et riches, aux tannins [&hellip;]<\/p>\n","protected":false},"featured_media":16783,"comment_status":"open","ping_status":"closed","template":"","meta":[],"product_brand":[],"product_cat":[21,365,138,27],"product_tag":[],"class_list":{"0":"post-11441","1":"product","2":"type-product","3":"status-publish","4":"has-post-thumbnail","6":"product_cat-bourgogne","7":"product_cat-categorie","8":"product_cat-couleurs","9":"product_cat-rouge","11":"first","12":"instock","13":"sale","14":"taxable","15":"shipping-taxable","16":"purchasable","17":"product-type-simple"},"_links":{"self":[{"href":"https:\/\/www.lacavedeslecteurs.com\/index.php\/wp-json\/wp\/v2\/product\/11441","targetHints":{"allow":["GET"]}}],"collection":[{"href":"https:\/\/www.lacavedeslecteurs.com\/index.php\/wp-json\/wp\/v2\/product"}],"about":[{"href":"https:\/\/www.lacavedeslecteurs.com\/index.php\/wp-json\/wp\/v2\/types\/product"}],"replies":[{"embeddable":true,"href":"https:\/\/www.lacavedeslecteurs.com\/index.php\/wp-json\/wp\/v2\/comments?post=11441"}],"wp:featuredmedia":[{"embeddable":true,"href":"https:\/\/www.lacavedeslecteurs.com\/index.php\/wp-json\/wp\/v2\/media\/16783"}],"wp:attachment":[{"href":"https:\/\/www.lacavedeslecteurs.com\/index.php\/wp-json\/wp\/v2\/media?parent=11441"}],"wp:term":[{"taxonomy":"product_brand","embeddable":true,"href":"https:\/\/www.lacavedeslecteurs.com\/index.php\/wp-json\/wp\/v2\/product_brand?post=11441"},{"taxonomy":"product_cat","embeddable":true,"href":"https:\/\/www.lacavedeslecteurs.com\/index.php\/wp-json\/wp\/v2\/product_cat?post=11441"},{"taxonomy":"product_tag","embeddable":true,"href":"https:\/\/www.lacavedeslecteurs.com\/index.php\/wp-json\/wp\/v2\/product_tag?post=11441"}],"curies":[{"name":"wp","href":"https:\/\/api.w.org\/{rel}","templated":true}]}}